{"id":740,"date":"2026-02-18T14:40:31","date_gmt":"2026-02-18T14:40:31","guid":{"rendered":"https:\/\/jacksbarbershop.lu\/?page_id=740"},"modified":"2026-02-18T14:45:08","modified_gmt":"2026-02-18T14:45:08","slug":"mentions-legales","status":"publish","type":"page","link":"https:\/\/jacksbarbershop.lu\/en\/mentions-legales\/","title":{"rendered":"MENTIONS L\u00c9GALES"},"content":{"rendered":"\t\t<div data-elementor-type=\"wp-page\" data-elementor-id=\"740\" class=\"elementor elementor-740\" data-elementor-post-type=\"page\">\n\t\t\t\t<div class=\"elementor-element elementor-element-520b822 e-flex e-con-boxed wpr-particle-no wpr-jarallax-no wpr-parallax-no wpr-sticky-section-no wpr-equal-height-no e-con e-parent\" data-id=\"520b822\" data-element_type=\"container\" data-e-type=\"container\">\n\t\t\t\t\t<div class=\"e-con-inner\">\n\t\t\t\t\t<\/div>\n\t\t\t\t<\/div>\n\t\t<div class=\"elementor-element elementor-element-344b728 e-con-full e-flex wpr-particle-no wpr-jarallax-no wpr-parallax-no wpr-sticky-section-no wpr-equal-height-no e-con e-parent\" data-id=\"344b728\" data-element_type=\"container\" data-e-type=\"container\">\n\t\t\t\t<div class=\"elementor-element elementor-element-c880b4a elementor-widget elementor-widget-heading\" data-id=\"c880b4a\" data-element_type=\"widget\" data-e-type=\"widget\" data-widget_type=\"heading.default\">\n\t\t\t\t\t<h2 class=\"elementor-heading-title elementor-size-default\">Mentions L\u00e9gales<\/h2>\t\t\t\t<\/div>\n\t\t\t\t<\/div>\n\t\t<div class=\"elementor-element elementor-element-aa52405 e-con-full e-flex wpr-particle-no wpr-jarallax-no wpr-parallax-no wpr-sticky-section-no wpr-equal-height-no e-con e-parent\" data-id=\"aa52405\" data-element_type=\"container\" data-e-type=\"container\">\n\t\t\t\t<div class=\"elementor-element elementor-element-5ae3fba elementor-widget elementor-widget-heading\" data-id=\"5ae3fba\" data-element_type=\"widget\" data-e-type=\"widget\" data-widget_type=\"heading.default\">\n\t\t\t\t\t<h2 class=\"elementor-heading-title elementor-size-default\">1. Informations g\u00e9n\u00e9rales<\/h2>\t\t\t\t<\/div>\n\t\t\t\t<div class=\"elementor-element elementor-element-4481cf7 elementor-widget elementor-widget-text-editor\" data-id=\"4481cf7\" data-element_type=\"widget\" data-e-type=\"widget\" data-widget_type=\"text-editor.default\">\n\t\t\t\t\t\t\t\t\t<p data-start=\"381\" data-end=\"427\"><strong data-start=\"249\" data-end=\"269\">Raison sociale :<\/strong> Jack\u2019s Barbershop<br data-start=\"287\" data-end=\"290\" \/><strong data-start=\"290\" data-end=\"311\">Forme juridique :<\/strong> [\u00e0 compl\u00e9ter \u2013 ex : entreprise individuelle \/ SARL-S]<br data-start=\"365\" data-end=\"368\" \/><strong data-start=\"368\" data-end=\"381\">Adresse :<\/strong> [adresse compl\u00e8te]<br data-start=\"400\" data-end=\"403\" \/><strong data-start=\"403\" data-end=\"433\">L-XXXX [Ville], Luxembourg<\/strong><br data-start=\"433\" data-end=\"436\" \/><strong data-start=\"436\" data-end=\"451\">T\u00e9l\u00e9phone :<\/strong> [num\u00e9ro]<br data-start=\"460\" data-end=\"463\" \/><strong data-start=\"463\" data-end=\"474\">Email :<\/strong> [adresse email]<br data-start=\"490\" data-end=\"493\" \/><strong data-start=\"493\" data-end=\"509\">Num\u00e9ro RCS :<\/strong> [num\u00e9ro RCS Luxembourg]<br data-start=\"533\" data-end=\"536\" \/><strong data-start=\"536\" data-end=\"552\">Num\u00e9ro TVA :<\/strong> [si applicable]<\/p>\t\t\t\t\t\t\t\t<\/div>\n\t\t\t\t<\/div>\n\t\t<div class=\"elementor-element elementor-element-e21d7aa e-con-full e-flex wpr-particle-no wpr-jarallax-no wpr-parallax-no wpr-sticky-section-no wpr-equal-height-no e-con e-parent\" data-id=\"e21d7aa\" data-element_type=\"container\" data-e-type=\"container\">\n\t\t\t\t<div class=\"elementor-element elementor-element-8571e93 elementor-widget elementor-widget-heading\" data-id=\"8571e93\" data-element_type=\"widget\" data-e-type=\"widget\" data-widget_type=\"heading.default\">\n\t\t\t\t\t<h2 class=\"elementor-heading-title elementor-size-default\">2. Responsable de la publication<\/h2>\t\t\t\t<\/div>\n\t\t\t\t<div class=\"elementor-element elementor-element-3f56d42 elementor-widget elementor-widget-text-editor\" data-id=\"3f56d42\" data-element_type=\"widget\" data-e-type=\"widget\" data-widget_type=\"text-editor.default\">\n\t\t\t\t\t\t\t\t\t<p data-start=\"612\" data-end=\"658\">Le responsable de la publication du site est :<\/p><p data-start=\"660\" data-end=\"715\">Jack\u2019s Barbershop<br data-start=\"677\" data-end=\"680\" \/>[Nom du g\u00e9rant]<br data-start=\"695\" data-end=\"698\" \/>Contact : [email]<\/p>\t\t\t\t\t\t\t\t<\/div>\n\t\t\t\t<\/div>\n\t\t<div class=\"elementor-element elementor-element-fbaf201 e-con-full e-flex wpr-particle-no wpr-jarallax-no wpr-parallax-no wpr-sticky-section-no wpr-equal-height-no e-con e-parent\" data-id=\"fbaf201\" data-element_type=\"container\" data-e-type=\"container\">\n\t\t\t\t<div class=\"elementor-element elementor-element-f1beca2 elementor-widget elementor-widget-heading\" data-id=\"f1beca2\" data-element_type=\"widget\" data-e-type=\"widget\" data-widget_type=\"heading.default\">\n\t\t\t\t\t<h2 class=\"elementor-heading-title elementor-size-default\">3. H\u00e9bergement du site<\/h2>\t\t\t\t<\/div>\n\t\t\t\t<div class=\"elementor-element elementor-element-9d9b5f1 elementor-widget elementor-widget-text-editor\" data-id=\"9d9b5f1\" data-element_type=\"widget\" data-e-type=\"widget\" data-widget_type=\"text-editor.default\">\n\t\t\t\t\t\t\t\t\t<p data-start=\"749\" data-end=\"774\">Le site est h\u00e9berg\u00e9 par :<\/p><p data-start=\"776\" data-end=\"838\">[Nom de l\u2019h\u00e9bergeur]<br data-start=\"796\" data-end=\"799\" \/>[Adresse de l\u2019h\u00e9bergeur]<br data-start=\"823\" data-end=\"826\" \/>[Site web]<\/p>\t\t\t\t\t\t\t\t<\/div>\n\t\t\t\t<\/div>\n\t\t<div class=\"elementor-element elementor-element-8549175 e-con-full e-flex wpr-particle-no wpr-jarallax-no wpr-parallax-no wpr-sticky-section-no wpr-equal-height-no e-con e-parent\" data-id=\"8549175\" data-element_type=\"container\" data-e-type=\"container\">\n\t\t\t\t<div class=\"elementor-element elementor-element-ab2ccf2 elementor-widget elementor-widget-heading\" data-id=\"ab2ccf2\" data-element_type=\"widget\" data-e-type=\"widget\" data-widget_type=\"heading.default\">\n\t\t\t\t\t<h2 class=\"elementor-heading-title elementor-size-default\">4. Conception et r\u00e9alisation du site<\/h2>\t\t\t\t<\/div>\n\t\t\t\t<div class=\"elementor-element elementor-element-94e5b99 elementor-widget elementor-widget-text-editor\" data-id=\"94e5b99\" data-element_type=\"widget\" data-e-type=\"widget\" data-widget_type=\"text-editor.default\">\n\t\t\t\t\t\t\t\t\t<p data-start=\"886\" data-end=\"931\">Le site internet a \u00e9t\u00e9 con\u00e7u et r\u00e9alis\u00e9 par :<\/p><p data-start=\"933\" data-end=\"1051\"><strong data-start=\"933\" data-end=\"974\"><span class=\"hover:entity-accent entity-underline inline cursor-pointer align-baseline\"><span class=\"whitespace-normal\">Butterfly Effect<\/span><\/span><\/strong><br data-start=\"974\" data-end=\"977\" \/>Agence de marketing<br data-start=\"1013\" data-end=\"1016\" \/>Site : <a class=\"decorated-link\" href=\"https:\/\/butterflyeffect.lu\/\" target=\"_new\" rel=\"noopener\" data-start=\"1023\" data-end=\"1049\">https:\/\/butterflyeffect.lu<\/a><\/p>\t\t\t\t\t\t\t\t<\/div>\n\t\t\t\t<\/div>\n\t\t<div class=\"elementor-element elementor-element-81aa18b e-con-full e-flex wpr-particle-no wpr-jarallax-no wpr-parallax-no wpr-sticky-section-no wpr-equal-height-no e-con e-parent\" data-id=\"81aa18b\" data-element_type=\"container\" data-e-type=\"container\">\n\t\t\t\t<div class=\"elementor-element elementor-element-a450f80 elementor-widget elementor-widget-heading\" data-id=\"a450f80\" data-element_type=\"widget\" data-e-type=\"widget\" data-widget_type=\"heading.default\">\n\t\t\t\t\t<h2 class=\"elementor-heading-title elementor-size-default\">5. Propri\u00e9t\u00e9 intellectuelle<\/h2>\t\t\t\t<\/div>\n\t\t\t\t<div class=\"elementor-element elementor-element-8a7324b elementor-widget elementor-widget-text-editor\" data-id=\"8a7324b\" data-element_type=\"widget\" data-e-type=\"widget\" data-widget_type=\"text-editor.default\">\n\t\t\t\t\t\t\t\t\t<p data-start=\"1090\" data-end=\"1265\">L\u2019ensemble du contenu pr\u00e9sent sur le site (textes, images, logo, graphismes, design, \u00e9l\u00e9ments visuels) est la propri\u00e9t\u00e9 exclusive de Jack\u2019s Barbershop, sauf mention contraire.<\/p><p data-start=\"1267\" data-end=\"1390\">Toute reproduction, distribution, modification ou utilisation sans autorisation \u00e9crite pr\u00e9alable est strictement interdite.<\/p>\t\t\t\t\t\t\t\t<\/div>\n\t\t\t\t<\/div>\n\t\t<div class=\"elementor-element elementor-element-14e32f2 e-con-full e-flex wpr-particle-no wpr-jarallax-no wpr-parallax-no wpr-sticky-section-no wpr-equal-height-no e-con e-parent\" data-id=\"14e32f2\" data-element_type=\"container\" data-e-type=\"container\">\n\t\t\t\t<div class=\"elementor-element elementor-element-ff78cd4 elementor-widget elementor-widget-heading\" data-id=\"ff78cd4\" data-element_type=\"widget\" data-e-type=\"widget\" data-widget_type=\"heading.default\">\n\t\t\t\t\t<h2 class=\"elementor-heading-title elementor-size-default\">6. Protection des donn\u00e9es personnelles<\/h2>\t\t\t\t<\/div>\n\t\t\t\t<div class=\"elementor-element elementor-element-7decced elementor-widget elementor-widget-text-editor\" data-id=\"7decced\" data-element_type=\"widget\" data-e-type=\"widget\" data-widget_type=\"text-editor.default\">\n\t\t\t\t\t\t\t\t\t<p data-start=\"1440\" data-end=\"1524\">Les informations personnelles collect\u00e9es via le site sont trait\u00e9es conform\u00e9ment au :<\/p><ul data-start=\"1526\" data-end=\"1640\"><li data-start=\"1526\" data-end=\"1584\"><p data-start=\"1528\" data-end=\"1584\">R\u00e8glement G\u00e9n\u00e9ral sur la Protection des Donn\u00e9es (RGPD)<\/p><\/li><li data-start=\"1585\" data-end=\"1640\"><p data-start=\"1587\" data-end=\"1640\">L\u00e9gislation applicable au Grand-Duch\u00e9 de Luxembourg<\/p><\/li><\/ul><p data-start=\"1642\" data-end=\"1722\">Pour plus d\u2019informations, veuillez consulter notre Politique de Confidentialit\u00e9.<\/p>\t\t\t\t\t\t\t\t<\/div>\n\t\t\t\t<\/div>\n\t\t<div class=\"elementor-element elementor-element-4278422 e-con-full e-flex wpr-particle-no wpr-jarallax-no wpr-parallax-no wpr-sticky-section-no wpr-equal-height-no e-con e-parent\" data-id=\"4278422\" data-element_type=\"container\" data-e-type=\"container\">\n\t\t\t\t<div class=\"elementor-element elementor-element-4237576 elementor-widget elementor-widget-heading\" data-id=\"4237576\" data-element_type=\"widget\" data-e-type=\"widget\" data-widget_type=\"heading.default\">\n\t\t\t\t\t<h2 class=\"elementor-heading-title elementor-size-default\">7. Responsabilit\u00e9<\/h2>\t\t\t\t<\/div>\n\t\t\t\t<div class=\"elementor-element elementor-element-9d06743 elementor-widget elementor-widget-text-editor\" data-id=\"9d06743\" data-element_type=\"widget\" data-e-type=\"widget\" data-widget_type=\"text-editor.default\">\n\t\t\t\t\t\t\t\t\t<p data-start=\"1751\" data-end=\"1918\">Jack\u2019s Barbershop s\u2019efforce d\u2019assurer l\u2019exactitude des informations diffus\u00e9es sur le site. Toutefois, l\u2019entreprise ne peut garantir l\u2019absence d\u2019erreurs ou d\u2019omissions.<\/p><p data-start=\"1920\" data-end=\"2011\">L\u2019utilisateur est seul responsable de l\u2019utilisation des informations pr\u00e9sentes sur le site.<\/p>\t\t\t\t\t\t\t\t<\/div>\n\t\t\t\t<\/div>\n\t\t<div class=\"elementor-element elementor-element-a29589a e-con-full e-flex wpr-particle-no wpr-jarallax-no wpr-parallax-no wpr-sticky-section-no wpr-equal-height-no e-con e-parent\" data-id=\"a29589a\" data-element_type=\"container\" data-e-type=\"container\">\n\t\t\t\t<div class=\"elementor-element elementor-element-811f5f2 elementor-widget elementor-widget-heading\" data-id=\"811f5f2\" data-element_type=\"widget\" data-e-type=\"widget\" data-widget_type=\"heading.default\">\n\t\t\t\t\t<h2 class=\"elementor-heading-title elementor-size-default\">8. Droit applicable<\/h2>\t\t\t\t<\/div>\n\t\t\t\t<div class=\"elementor-element elementor-element-db302c4 elementor-widget elementor-widget-text-editor\" data-id=\"db302c4\" data-element_type=\"widget\" data-e-type=\"widget\" data-widget_type=\"text-editor.default\">\n\t\t\t\t\t\t\t\t\t<p data-start=\"1751\" data-end=\"1918\">Le site est soumis au droit luxembourgeois.<br data-start=\"2085\" data-end=\"2088\" \/>Tout litige rel\u00e8ve de la comp\u00e9tence des tribunaux du Grand-Duch\u00e9 de Luxembourg.<\/p>\t\t\t\t\t\t\t\t<\/div>\n\t\t\t\t<\/div>\n\t\t<div class=\"elementor-element elementor-element-297011a e-con-full e-flex wpr-particle-no wpr-jarallax-no wpr-parallax-no wpr-sticky-section-no wpr-equal-height-no e-con e-parent\" data-id=\"297011a\" data-element_type=\"container\" data-e-type=\"container\">\n\t\t\t\t<div class=\"elementor-element elementor-element-30adb2b elementor-widget elementor-widget-text-editor\" data-id=\"30adb2b\" data-element_type=\"widget\" data-e-type=\"widget\" data-widget_type=\"text-editor.default\">\n\t\t\t\t\t\t\t\t\t<p>Derni\u00e8re mise \u00e0 jour : [\u00e0 compl\u00e9ter]<\/p>\t\t\t\t\t\t\t\t<\/div>\n\t\t\t\t<\/div>\n\t\t\t\t<\/div>\n\t\t","protected":false},"excerpt":{"rendered":"<p>Mentions L\u00e9gales 1. Informations g\u00e9n\u00e9rales Raison sociale : Jack\u2019s BarbershopForme juridique : [\u00e0 compl\u00e9ter \u2013 ex : entreprise individuelle \/ SARL-S]Adresse : [adresse compl\u00e8te]L-XXXX [Ville], LuxembourgT\u00e9l\u00e9phone : [num\u00e9ro]Email : [adresse email]Num\u00e9ro RCS : [num\u00e9ro RCS Luxembourg]Num\u00e9ro TVA : [si applicable] 2. Responsable de la publication Le responsable de la publication du site est : Jack\u2019s Barbershop[Nom du g\u00e9rant]Contact : [email] 3. H\u00e9bergement du site Le site est h\u00e9berg\u00e9 par : [Nom de l\u2019h\u00e9bergeur][Adresse de l\u2019h\u00e9bergeur][Site web] 4. Conception et r\u00e9alisation du site Le site internet a \u00e9t\u00e9 con\u00e7u et r\u00e9alis\u00e9 par : Butterfly EffectAgence de marketingSite : https:\/\/butterflyeffect.lu 5. Propri\u00e9t\u00e9 intellectuelle L\u2019ensemble du contenu pr\u00e9sent sur le site (textes, images, logo, graphismes, design, \u00e9l\u00e9ments visuels) est la propri\u00e9t\u00e9 exclusive de Jack\u2019s Barbershop, sauf mention contraire. Toute reproduction, distribution, modification ou utilisation sans autorisation \u00e9crite pr\u00e9alable est strictement interdite. 6. Protection des donn\u00e9es personnelles Les informations personnelles collect\u00e9es via le site sont trait\u00e9es conform\u00e9ment au : R\u00e8glement G\u00e9n\u00e9ral sur la Protection des Donn\u00e9es (RGPD) L\u00e9gislation applicable au Grand-Duch\u00e9 de Luxembourg Pour plus d\u2019informations, veuillez consulter notre Politique de Confidentialit\u00e9. 7. Responsabilit\u00e9 Jack\u2019s Barbershop s\u2019efforce d\u2019assurer l\u2019exactitude des informations diffus\u00e9es sur le site. Toutefois, l\u2019entreprise ne peut garantir l\u2019absence d\u2019erreurs ou d\u2019omissions. L\u2019utilisateur est seul responsable de l\u2019utilisation des informations pr\u00e9sentes sur le site. 8. Droit applicable Le site est soumis au droit luxembourgeois.Tout litige rel\u00e8ve de la comp\u00e9tence des tribunaux du Grand-Duch\u00e9 de Luxembourg. Derni\u00e8re mise \u00e0 jour : [\u00e0 compl\u00e9ter]<\/p>\n","protected":false},"author":1,"featured_media":0,"parent":0,"menu_order":0,"comment_status":"closed","ping_status":"closed","template":"","meta":{"footnotes":""},"class_list":["post-740","page","type-page","status-publish","hentry"],"yoast_head":"<!-- This site is optimized with the Yoast SEO plugin v27.4 - https:\/\/yoast.com\/product\/yoast-seo-wordpress\/ -->\n<title>MENTIONS L\u00c9GALES - Jacks Barbershop<\/title>\n<meta name=\"robots\" content=\"noindex, follow, max-snippet:-1, max-image-preview:large, max-video-preview:-1\" \/>\n<meta property=\"og:locale\" content=\"en_GB\" \/>\n<meta property=\"og:type\" content=\"article\" \/>\n<meta property=\"og:title\" content=\"MENTIONS L\u00c9GALES - Jacks Barbershop\" \/>\n<meta property=\"og:description\" content=\"Mentions L\u00e9gales 1. Informations g\u00e9n\u00e9rales Raison sociale : Jack\u2019s BarbershopForme juridique : [\u00e0 compl\u00e9ter \u2013 ex : entreprise individuelle \/ SARL-S]Adresse : [adresse compl\u00e8te]L-XXXX [Ville], LuxembourgT\u00e9l\u00e9phone : [num\u00e9ro]Email : [adresse email]Num\u00e9ro RCS : [num\u00e9ro RCS Luxembourg]Num\u00e9ro TVA : [si applicable] 2. Responsable de la publication Le responsable de la publication du site est : Jack\u2019s Barbershop[Nom du g\u00e9rant]Contact : [email] 3. H\u00e9bergement du site Le site est h\u00e9berg\u00e9 par : [Nom de l\u2019h\u00e9bergeur][Adresse de l\u2019h\u00e9bergeur][Site web] 4. Conception et r\u00e9alisation du site Le site internet a \u00e9t\u00e9 con\u00e7u et r\u00e9alis\u00e9 par : Butterfly EffectAgence de marketingSite : https:\/\/butterflyeffect.lu 5. Propri\u00e9t\u00e9 intellectuelle L\u2019ensemble du contenu pr\u00e9sent sur le site (textes, images, logo, graphismes, design, \u00e9l\u00e9ments visuels) est la propri\u00e9t\u00e9 exclusive de Jack\u2019s Barbershop, sauf mention contraire. Toute reproduction, distribution, modification ou utilisation sans autorisation \u00e9crite pr\u00e9alable est strictement interdite. 6. Protection des donn\u00e9es personnelles Les informations personnelles collect\u00e9es via le site sont trait\u00e9es conform\u00e9ment au : R\u00e8glement G\u00e9n\u00e9ral sur la Protection des Donn\u00e9es (RGPD) L\u00e9gislation applicable au Grand-Duch\u00e9 de Luxembourg Pour plus d\u2019informations, veuillez consulter notre Politique de Confidentialit\u00e9. 7. Responsabilit\u00e9 Jack\u2019s Barbershop s\u2019efforce d\u2019assurer l\u2019exactitude des informations diffus\u00e9es sur le site. Toutefois, l\u2019entreprise ne peut garantir l\u2019absence d\u2019erreurs ou d\u2019omissions. L\u2019utilisateur est seul responsable de l\u2019utilisation des informations pr\u00e9sentes sur le site. 8. Droit applicable Le site est soumis au droit luxembourgeois.Tout litige rel\u00e8ve de la comp\u00e9tence des tribunaux du Grand-Duch\u00e9 de Luxembourg. Derni\u00e8re mise \u00e0 jour : [\u00e0 compl\u00e9ter]\" \/>\n<meta property=\"og:url\" content=\"https:\/\/jacksbarbershop.lu\/en\/mentions-legales\/\" \/>\n<meta property=\"og:site_name\" content=\"Jacks Barbershop\" \/>\n<meta property=\"article:modified_time\" content=\"2026-02-18T14:45:08+00:00\" \/>\n<meta name=\"twitter:card\" content=\"summary_large_image\" \/>\n<meta name=\"twitter:label1\" content=\"Estimated reading time\" \/>\n\t<meta name=\"twitter:data1\" content=\"2 minutes\" \/>\n<script type=\"application\/ld+json\" class=\"yoast-schema-graph\">{\"@context\":\"https:\\\/\\\/schema.org\",\"@graph\":[{\"@type\":\"WebPage\",\"@id\":\"https:\\\/\\\/jacksbarbershop.lu\\\/mentions-legales\\\/\",\"url\":\"https:\\\/\\\/jacksbarbershop.lu\\\/mentions-legales\\\/\",\"name\":\"MENTIONS L\u00c9GALES - Jacks Barbershop\",\"isPartOf\":{\"@id\":\"https:\\\/\\\/jacksbarbershop.lu\\\/#website\"},\"datePublished\":\"2026-02-18T14:40:31+00:00\",\"dateModified\":\"2026-02-18T14:45:08+00:00\",\"breadcrumb\":{\"@id\":\"https:\\\/\\\/jacksbarbershop.lu\\\/mentions-legales\\\/#breadcrumb\"},\"inLanguage\":\"en-GB\",\"potentialAction\":[{\"@type\":\"ReadAction\",\"target\":[\"https:\\\/\\\/jacksbarbershop.lu\\\/mentions-legales\\\/\"]}]},{\"@type\":\"BreadcrumbList\",\"@id\":\"https:\\\/\\\/jacksbarbershop.lu\\\/mentions-legales\\\/#breadcrumb\",\"itemListElement\":[{\"@type\":\"ListItem\",\"position\":1,\"name\":\"Accueil\",\"item\":\"https:\\\/\\\/jacksbarbershop.lu\\\/\"},{\"@type\":\"ListItem\",\"position\":2,\"name\":\"MENTIONS L\u00c9GALES\"}]},{\"@type\":\"WebSite\",\"@id\":\"https:\\\/\\\/jacksbarbershop.lu\\\/#website\",\"url\":\"https:\\\/\\\/jacksbarbershop.lu\\\/\",\"name\":\"Jack's Barbershop\",\"description\":\"\",\"publisher\":{\"@id\":\"https:\\\/\\\/jacksbarbershop.lu\\\/#organization\"},\"potentialAction\":[{\"@type\":\"SearchAction\",\"target\":{\"@type\":\"EntryPoint\",\"urlTemplate\":\"https:\\\/\\\/jacksbarbershop.lu\\\/?s={search_term_string}\"},\"query-input\":{\"@type\":\"PropertyValueSpecification\",\"valueRequired\":true,\"valueName\":\"search_term_string\"}}],\"inLanguage\":\"en-GB\"},{\"@type\":\"Organization\",\"@id\":\"https:\\\/\\\/jacksbarbershop.lu\\\/#organization\",\"name\":\"Jack's Barbershop\",\"url\":\"https:\\\/\\\/jacksbarbershop.lu\\\/\",\"logo\":{\"@type\":\"ImageObject\",\"inLanguage\":\"en-GB\",\"@id\":\"https:\\\/\\\/jacksbarbershop.lu\\\/#\\\/schema\\\/logo\\\/image\\\/\",\"url\":\"https:\\\/\\\/jacksbarbershop.lu\\\/wp-content\\\/uploads\\\/2026\\\/02\\\/cropped-17-e1771495806969.png\",\"contentUrl\":\"https:\\\/\\\/jacksbarbershop.lu\\\/wp-content\\\/uploads\\\/2026\\\/02\\\/cropped-17-e1771495806969.png\",\"width\":912,\"height\":427,\"caption\":\"Jack's Barbershop\"},\"image\":{\"@id\":\"https:\\\/\\\/jacksbarbershop.lu\\\/#\\\/schema\\\/logo\\\/image\\\/\"}}]}<\/script>\n<!-- \/ Yoast SEO plugin. -->","yoast_head_json":{"title":"MENTIONS L\u00c9GALES - Jacks Barbershop","robots":{"index":"noindex","follow":"follow","max-snippet":"max-snippet:-1","max-image-preview":"max-image-preview:large","max-video-preview":"max-video-preview:-1"},"og_locale":"en_GB","og_type":"article","og_title":"MENTIONS L\u00c9GALES - Jacks Barbershop","og_description":"Mentions L\u00e9gales 1. Informations g\u00e9n\u00e9rales Raison sociale : Jack\u2019s BarbershopForme juridique : [\u00e0 compl\u00e9ter \u2013 ex : entreprise individuelle \/ SARL-S]Adresse : [adresse compl\u00e8te]L-XXXX [Ville], LuxembourgT\u00e9l\u00e9phone : [num\u00e9ro]Email : [adresse email]Num\u00e9ro RCS : [num\u00e9ro RCS Luxembourg]Num\u00e9ro TVA : [si applicable] 2. Responsable de la publication Le responsable de la publication du site est : Jack\u2019s Barbershop[Nom du g\u00e9rant]Contact : [email] 3. H\u00e9bergement du site Le site est h\u00e9berg\u00e9 par : [Nom de l\u2019h\u00e9bergeur][Adresse de l\u2019h\u00e9bergeur][Site web] 4. Conception et r\u00e9alisation du site Le site internet a \u00e9t\u00e9 con\u00e7u et r\u00e9alis\u00e9 par : Butterfly EffectAgence de marketingSite : https:\/\/butterflyeffect.lu 5. Propri\u00e9t\u00e9 intellectuelle L\u2019ensemble du contenu pr\u00e9sent sur le site (textes, images, logo, graphismes, design, \u00e9l\u00e9ments visuels) est la propri\u00e9t\u00e9 exclusive de Jack\u2019s Barbershop, sauf mention contraire. Toute reproduction, distribution, modification ou utilisation sans autorisation \u00e9crite pr\u00e9alable est strictement interdite. 6. Protection des donn\u00e9es personnelles Les informations personnelles collect\u00e9es via le site sont trait\u00e9es conform\u00e9ment au : R\u00e8glement G\u00e9n\u00e9ral sur la Protection des Donn\u00e9es (RGPD) L\u00e9gislation applicable au Grand-Duch\u00e9 de Luxembourg Pour plus d\u2019informations, veuillez consulter notre Politique de Confidentialit\u00e9. 7. Responsabilit\u00e9 Jack\u2019s Barbershop s\u2019efforce d\u2019assurer l\u2019exactitude des informations diffus\u00e9es sur le site. Toutefois, l\u2019entreprise ne peut garantir l\u2019absence d\u2019erreurs ou d\u2019omissions. L\u2019utilisateur est seul responsable de l\u2019utilisation des informations pr\u00e9sentes sur le site. 8. Droit applicable Le site est soumis au droit luxembourgeois.Tout litige rel\u00e8ve de la comp\u00e9tence des tribunaux du Grand-Duch\u00e9 de Luxembourg. Derni\u00e8re mise \u00e0 jour : [\u00e0 compl\u00e9ter]","og_url":"https:\/\/jacksbarbershop.lu\/en\/mentions-legales\/","og_site_name":"Jacks Barbershop","article_modified_time":"2026-02-18T14:45:08+00:00","twitter_card":"summary_large_image","twitter_misc":{"Estimated reading time":"2 minutes"},"schema":{"@context":"https:\/\/schema.org","@graph":[{"@type":"WebPage","@id":"https:\/\/jacksbarbershop.lu\/mentions-legales\/","url":"https:\/\/jacksbarbershop.lu\/mentions-legales\/","name":"MENTIONS L\u00c9GALES - Jacks Barbershop","isPartOf":{"@id":"https:\/\/jacksbarbershop.lu\/#website"},"datePublished":"2026-02-18T14:40:31+00:00","dateModified":"2026-02-18T14:45:08+00:00","breadcrumb":{"@id":"https:\/\/jacksbarbershop.lu\/mentions-legales\/#breadcrumb"},"inLanguage":"en-GB","potentialAction":[{"@type":"ReadAction","target":["https:\/\/jacksbarbershop.lu\/mentions-legales\/"]}]},{"@type":"BreadcrumbList","@id":"https:\/\/jacksbarbershop.lu\/mentions-legales\/#breadcrumb","itemListElement":[{"@type":"ListItem","position":1,"name":"Accueil","item":"https:\/\/jacksbarbershop.lu\/"},{"@type":"ListItem","position":2,"name":"MENTIONS L\u00c9GALES"}]},{"@type":"WebSite","@id":"https:\/\/jacksbarbershop.lu\/#website","url":"https:\/\/jacksbarbershop.lu\/","name":"Jack's Barbershop","description":"","publisher":{"@id":"https:\/\/jacksbarbershop.lu\/#organization"},"potentialAction":[{"@type":"SearchAction","target":{"@type":"EntryPoint","urlTemplate":"https:\/\/jacksbarbershop.lu\/?s={search_term_string}"},"query-input":{"@type":"PropertyValueSpecification","valueRequired":true,"valueName":"search_term_string"}}],"inLanguage":"en-GB"},{"@type":"Organization","@id":"https:\/\/jacksbarbershop.lu\/#organization","name":"Jack's Barbershop","url":"https:\/\/jacksbarbershop.lu\/","logo":{"@type":"ImageObject","inLanguage":"en-GB","@id":"https:\/\/jacksbarbershop.lu\/#\/schema\/logo\/image\/","url":"https:\/\/jacksbarbershop.lu\/wp-content\/uploads\/2026\/02\/cropped-17-e1771495806969.png","contentUrl":"https:\/\/jacksbarbershop.lu\/wp-content\/uploads\/2026\/02\/cropped-17-e1771495806969.png","width":912,"height":427,"caption":"Jack's Barbershop"},"image":{"@id":"https:\/\/jacksbarbershop.lu\/#\/schema\/logo\/image\/"}}]}},"_links":{"self":[{"href":"https:\/\/jacksbarbershop.lu\/en\/wp-json\/wp\/v2\/pages\/740","targetHints":{"allow":["GET"]}}],"collection":[{"href":"https:\/\/jacksbarbershop.lu\/en\/wp-json\/wp\/v2\/pages"}],"about":[{"href":"https:\/\/jacksbarbershop.lu\/en\/wp-json\/wp\/v2\/types\/page"}],"author":[{"embeddable":true,"href":"https:\/\/jacksbarbershop.lu\/en\/wp-json\/wp\/v2\/users\/1"}],"replies":[{"embeddable":true,"href":"https:\/\/jacksbarbershop.lu\/en\/wp-json\/wp\/v2\/comments?post=740"}],"version-history":[{"count":7,"href":"https:\/\/jacksbarbershop.lu\/en\/wp-json\/wp\/v2\/pages\/740\/revisions"}],"predecessor-version":[{"id":747,"href":"https:\/\/jacksbarbershop.lu\/en\/wp-json\/wp\/v2\/pages\/740\/revisions\/747"}],"wp:attachment":[{"href":"https:\/\/jacksbarbershop.lu\/en\/wp-json\/wp\/v2\/media?parent=740"}],"curies":[{"name":"wp","href":"https:\/\/api.w.org\/{rel}","templated":true}]}}