{"id":34,"date":"2026-02-16T10:37:38","date_gmt":"2026-02-16T10:37:38","guid":{"rendered":"https:\/\/jacksbarbershop.lu\/?page_id=34"},"modified":"2026-04-14T12:23:49","modified_gmt":"2026-04-14T12:23:49","slug":"galerie","status":"publish","type":"page","link":"https:\/\/jacksbarbershop.lu\/en\/galerie\/","title":{"rendered":"GALERY"},"content":{"rendered":"<div data-elementor-type=\"wp-page\" data-elementor-id=\"34\" class=\"elementor elementor-34\" data-elementor-post-type=\"page\">\n\t\t\t\t<div class=\"elementor-element elementor-element-0e3288e e-con-full galerie-hero  e-flex wpr-particle-no wpr-jarallax-no wpr-parallax-no wpr-sticky-section-no wpr-equal-height-no e-con e-parent\" data-id=\"0e3288e\" data-element_type=\"container\" data-e-type=\"container\" data-settings=\"{&quot;background_background&quot;:&quot;classic&quot;}\">\n\t\t\t\t<div class=\"elementor-element elementor-element-edae857 elementor-widget__width-initial elementor-absolute e-transform elementor-widget elementor-widget-image\" data-id=\"edae857\" data-element_type=\"widget\" data-e-type=\"widget\" data-settings=\"{&quot;_position&quot;:&quot;absolute&quot;,&quot;_transform_rotateZ_effect&quot;:{&quot;unit&quot;:&quot;px&quot;,&quot;size&quot;:27,&quot;sizes&quot;:[]},&quot;_transform_rotateZ_effect_tablet&quot;:{&quot;unit&quot;:&quot;deg&quot;,&quot;size&quot;:&quot;&quot;,&quot;sizes&quot;:[]},&quot;_transform_rotateZ_effect_mobile&quot;:{&quot;unit&quot;:&quot;deg&quot;,&quot;size&quot;:&quot;&quot;,&quot;sizes&quot;:[]}}\" data-widget_type=\"image.default\">\n\t\t\t\t\t\t\t\t\t\t\t\t\t\t\t<img fetchpriority=\"high\" decoding=\"async\" width=\"800\" height=\"800\" src=\"https:\/\/jacksbarbershop.lu\/wp-content\/uploads\/2026\/02\/55-1024x1024.png\" class=\"attachment-large size-large wp-image-1885\" alt=\"\" srcset=\"https:\/\/jacksbarbershop.lu\/wp-content\/uploads\/2026\/02\/55-1024x1024.png 1024w, https:\/\/jacksbarbershop.lu\/wp-content\/uploads\/2026\/02\/55-300x300.png 300w, https:\/\/jacksbarbershop.lu\/wp-content\/uploads\/2026\/02\/55-150x150.png 150w, https:\/\/jacksbarbershop.lu\/wp-content\/uploads\/2026\/02\/55-768x768.png 768w, https:\/\/jacksbarbershop.lu\/wp-content\/uploads\/2026\/02\/55-1536x1536.png 1536w, https:\/\/jacksbarbershop.lu\/wp-content\/uploads\/2026\/02\/55-12x12.png 12w, https:\/\/jacksbarbershop.lu\/wp-content\/uploads\/2026\/02\/55.png 1563w\" sizes=\"(max-width: 800px) 100vw, 800px\" \/>\t\t\t\t\t\t\t\t\t\t\t\t\t\t\t<\/div>\n\t\t\t\t<\/div>\n\t\t<div class=\"elementor-element elementor-element-b90ced4 e-flex e-con-boxed wpr-particle-no wpr-jarallax-no wpr-parallax-no wpr-sticky-section-no wpr-equal-height-no e-con e-parent\" data-id=\"b90ced4\" data-element_type=\"container\" data-e-type=\"container\">\n\t\t\t\t\t<div class=\"e-con-inner\">\n\t\t\t\t<div class=\"elementor-element elementor-element-a84184d e-n-tabs-none elementor-widget elementor-widget-n-tabs\" data-id=\"a84184d\" data-element_type=\"widget\" data-e-type=\"widget\" data-settings=\"{&quot;tabs_justify_horizontal&quot;:&quot;center&quot;,&quot;tabs_justify_horizontal_mobile&quot;:&quot;center&quot;,&quot;horizontal_scroll&quot;:&quot;disable&quot;}\" data-widget_type=\"nested-tabs.default\">\n\t\t\t\t\t\t\t<div class=\"e-n-tabs\" data-widget-number=\"176429133\" aria-label=\"Onglets. Ouvrez des \u00e9l\u00e9ments avec Entrer ou Espace, fermez-les avec Echape et naviguez \u00e0 l&#039;aide des touches fl\u00e9ch\u00e9es.\">\n\t\t\t<div class=\"e-n-tabs-heading\" role=\"tablist\">\n\t\t\t\t\t<button id=\"e-n-tab-title-1764291331\" data-tab-title-id=\"e-n-tab-title-1764291331\" class=\"e-n-tab-title\" aria-selected=\"true\" data-tab-index=\"1\" role=\"tab\" tabindex=\"0\" aria-controls=\"e-n-tab-content-1764291331\" style=\"--n-tabs-title-order: 1;\">\n\t\t\t\t\t\t<span class=\"e-n-tab-title-text\">\n\t\t\t\tHAIRCUT\t\t\t<\/span>\n\t\t<\/button>\n\t\t\t\t<button id=\"e-n-tab-title-1764291332\" data-tab-title-id=\"e-n-tab-title-1764291332\" class=\"e-n-tab-title\" aria-selected=\"false\" data-tab-index=\"2\" role=\"tab\" tabindex=\"-1\" aria-controls=\"e-n-tab-content-1764291332\" style=\"--n-tabs-title-order: 2;\">\n\t\t\t\t\t\t<span class=\"e-n-tab-title-text\">\n\t\t\t\tBEARD\t\t\t<\/span>\n\t\t<\/button>\n\t\t\t\t<button id=\"e-n-tab-title-1764291333\" data-tab-title-id=\"e-n-tab-title-1764291333\" class=\"e-n-tab-title\" aria-selected=\"false\" data-tab-index=\"3\" role=\"tab\" tabindex=\"-1\" aria-controls=\"e-n-tab-content-1764291333\" style=\"--n-tabs-title-order: 3;\">\n\t\t\t\t\t\t<span class=\"e-n-tab-title-text\">\n\t\t\t\tSALON\t\t\t<\/span>\n\t\t<\/button>\n\t\t\t\t\t<\/div>\n\t\t\t<div class=\"e-n-tabs-content\">\n\t\t\t\t<div id=\"e-n-tab-content-1764291331\" role=\"tabpanel\" aria-labelledby=\"e-n-tab-title-1764291331\" data-tab-index=\"1\" style=\"--n-tabs-title-order: 1;\" class=\"e-active elementor-element elementor-element-01107c8 e-con-full e-flex wpr-particle-no wpr-jarallax-no wpr-parallax-no wpr-sticky-section-no wpr-equal-height-no e-con e-child\" data-id=\"01107c8\" data-element_type=\"container\" data-e-type=\"container\">\n\t\t\t\t<div class=\"elementor-element elementor-element-9b367f3 elementor-widget elementor-widget-gallery\" data-id=\"9b367f3\" data-element_type=\"widget\" data-e-type=\"widget\" data-settings=\"{&quot;columns&quot;:3,&quot;gap&quot;:{&quot;unit&quot;:&quot;px&quot;,&quot;size&quot;:20,&quot;sizes&quot;:[]},&quot;aspect_ratio&quot;:&quot;1:1&quot;,&quot;columns_mobile&quot;:2,&quot;lazyload&quot;:&quot;yes&quot;,&quot;gallery_layout&quot;:&quot;grid&quot;,&quot;columns_tablet&quot;:2,&quot;gap_tablet&quot;:{&quot;unit&quot;:&quot;px&quot;,&quot;size&quot;:10,&quot;sizes&quot;:[]},&quot;gap_mobile&quot;:{&quot;unit&quot;:&quot;px&quot;,&quot;size&quot;:10,&quot;sizes&quot;:[]},&quot;overlay_background&quot;:&quot;yes&quot;,&quot;content_hover_animation&quot;:&quot;fade-in&quot;}\" data-widget_type=\"gallery.default\">\n\t\t\t\t\t\t\t<div class=\"elementor-gallery__container\">\n\t\t\t\t\t\t\t<div class=\"e-gallery-item elementor-gallery-item elementor-animated-content\">\n\t\t\t\t\t<div class=\"e-gallery-image elementor-gallery-item__image\" data-thumbnail=\"https:\/\/jacksbarbershop.lu\/wp-content\/uploads\/2026\/02\/television-sillouhette.jpg.png\" data-width=\"732\" data-height=\"1098\" aria-label=\"\" role=\"img\" ><\/div>\n\t\t\t\t\t\t\t\t\t\t\t<div class=\"elementor-gallery-item__overlay\"><\/div>\n\t\t\t\t\t\t\t\t\t\t\t\t\t\t<\/div>\n\t\t\t\t\t\t\t<div class=\"e-gallery-item elementor-gallery-item elementor-animated-content\">\n\t\t\t\t\t<div class=\"e-gallery-image elementor-gallery-item__image\" data-thumbnail=\"https:\/\/jacksbarbershop.lu\/wp-content\/uploads\/2026\/02\/DSC05446_edited.jpg.png\" data-width=\"610\" data-height=\"580\" aria-label=\"\" role=\"img\" ><\/div>\n\t\t\t\t\t\t\t\t\t\t\t<div class=\"elementor-gallery-item__overlay\"><\/div>\n\t\t\t\t\t\t\t\t\t\t\t\t\t\t<\/div>\n\t\t\t\t\t\t\t<div class=\"e-gallery-item elementor-gallery-item elementor-animated-content\">\n\t\t\t\t\t<div class=\"e-gallery-image elementor-gallery-item__image\" data-thumbnail=\"https:\/\/jacksbarbershop.lu\/wp-content\/uploads\/2026\/02\/Barbier-in-de-zomer.jpg\" data-width=\"395\" data-height=\"406\" aria-label=\"\" role=\"img\" ><\/div>\n\t\t\t\t\t\t\t\t\t\t\t<div class=\"elementor-gallery-item__overlay\"><\/div>\n\t\t\t\t\t\t\t\t\t\t\t\t\t\t<\/div>\n\t\t\t\t\t\t\t<div class=\"e-gallery-item elementor-gallery-item elementor-animated-content\">\n\t\t\t\t\t<div class=\"e-gallery-image elementor-gallery-item__image\" data-thumbnail=\"https:\/\/jacksbarbershop.lu\/wp-content\/uploads\/2026\/02\/10522568-copie-scaled.png\" data-width=\"1920\" data-height=\"2560\" aria-label=\"\" role=\"img\" ><\/div>\n\t\t\t\t\t\t\t\t\t\t\t<div class=\"elementor-gallery-item__overlay\"><\/div>\n\t\t\t\t\t\t\t\t\t\t\t\t\t\t<\/div>\n\t\t\t\t\t\t\t<div class=\"e-gallery-item elementor-gallery-item elementor-animated-content\">\n\t\t\t\t\t<div class=\"e-gallery-image elementor-gallery-item__image\" data-thumbnail=\"https:\/\/jacksbarbershop.lu\/wp-content\/uploads\/2026\/02\/10522568-scaled.png\" data-width=\"1920\" data-height=\"2560\" aria-label=\"Barbier au travail Jack&#039;s Barbershop Luxembourg\" role=\"img\" ><\/div>\n\t\t\t\t\t\t\t\t\t\t\t<div class=\"elementor-gallery-item__overlay\"><\/div>\n\t\t\t\t\t\t\t\t\t\t\t\t\t\t<\/div>\n\t\t\t\t\t<\/div>\n\t\t\t\t\t<\/div>\n\t\t\t\t<\/div>\n\t\t<div id=\"e-n-tab-content-1764291332\" role=\"tabpanel\" aria-labelledby=\"e-n-tab-title-1764291332\" data-tab-index=\"2\" style=\"--n-tabs-title-order: 2;\" class=\"elementor-element elementor-element-eb6aad7 e-con-full e-flex wpr-particle-no wpr-jarallax-no wpr-parallax-no wpr-sticky-section-no wpr-equal-height-no e-con e-child\" data-id=\"eb6aad7\" data-element_type=\"container\" data-e-type=\"container\">\n\t\t\t\t<div class=\"elementor-element elementor-element-0da7237 elementor-widget elementor-widget-gallery\" data-id=\"0da7237\" data-element_type=\"widget\" data-e-type=\"widget\" data-settings=\"{&quot;columns&quot;:3,&quot;gap&quot;:{&quot;unit&quot;:&quot;px&quot;,&quot;size&quot;:20,&quot;sizes&quot;:[]},&quot;aspect_ratio&quot;:&quot;1:1&quot;,&quot;columns_mobile&quot;:2,&quot;lazyload&quot;:&quot;yes&quot;,&quot;gallery_layout&quot;:&quot;grid&quot;,&quot;columns_tablet&quot;:2,&quot;gap_tablet&quot;:{&quot;unit&quot;:&quot;px&quot;,&quot;size&quot;:10,&quot;sizes&quot;:[]},&quot;gap_mobile&quot;:{&quot;unit&quot;:&quot;px&quot;,&quot;size&quot;:10,&quot;sizes&quot;:[]},&quot;overlay_background&quot;:&quot;yes&quot;,&quot;content_hover_animation&quot;:&quot;fade-in&quot;}\" data-widget_type=\"gallery.default\">\n\t\t\t\t\t\t\t<div class=\"elementor-gallery__container\">\n\t\t\t\t\t\t\t<div class=\"e-gallery-item elementor-gallery-item elementor-animated-content\">\n\t\t\t\t\t<div class=\"e-gallery-image elementor-gallery-item__image\" data-thumbnail=\"https:\/\/jacksbarbershop.lu\/wp-content\/uploads\/2026\/02\/television-sillouhette.jpg.png\" data-width=\"732\" data-height=\"1098\" aria-label=\"\" role=\"img\" ><\/div>\n\t\t\t\t\t\t\t\t\t\t\t<div class=\"elementor-gallery-item__overlay\"><\/div>\n\t\t\t\t\t\t\t\t\t\t\t\t\t\t<\/div>\n\t\t\t\t\t\t\t<div class=\"e-gallery-item elementor-gallery-item elementor-animated-content\">\n\t\t\t\t\t<div class=\"e-gallery-image elementor-gallery-item__image\" data-thumbnail=\"https:\/\/jacksbarbershop.lu\/wp-content\/uploads\/2026\/02\/DSC05446_edited.jpg.png\" data-width=\"610\" data-height=\"580\" aria-label=\"\" role=\"img\" ><\/div>\n\t\t\t\t\t\t\t\t\t\t\t<div class=\"elementor-gallery-item__overlay\"><\/div>\n\t\t\t\t\t\t\t\t\t\t\t\t\t\t<\/div>\n\t\t\t\t\t\t\t<div class=\"e-gallery-item elementor-gallery-item elementor-animated-content\">\n\t\t\t\t\t<div class=\"e-gallery-image elementor-gallery-item__image\" data-thumbnail=\"https:\/\/jacksbarbershop.lu\/wp-content\/uploads\/2026\/02\/Barbier-in-de-zomer.jpg\" data-width=\"395\" data-height=\"406\" aria-label=\"\" role=\"img\" ><\/div>\n\t\t\t\t\t\t\t\t\t\t\t<div class=\"elementor-gallery-item__overlay\"><\/div>\n\t\t\t\t\t\t\t\t\t\t\t\t\t\t<\/div>\n\t\t\t\t\t\t\t<div class=\"e-gallery-item elementor-gallery-item elementor-animated-content\">\n\t\t\t\t\t<div class=\"e-gallery-image elementor-gallery-item__image\" data-thumbnail=\"https:\/\/jacksbarbershop.lu\/wp-content\/uploads\/2026\/02\/10522568-copie-scaled.png\" data-width=\"1920\" data-height=\"2560\" aria-label=\"\" role=\"img\" ><\/div>\n\t\t\t\t\t\t\t\t\t\t\t<div class=\"elementor-gallery-item__overlay\"><\/div>\n\t\t\t\t\t\t\t\t\t\t\t\t\t\t<\/div>\n\t\t\t\t\t\t\t<div class=\"e-gallery-item elementor-gallery-item elementor-animated-content\">\n\t\t\t\t\t<div class=\"e-gallery-image elementor-gallery-item__image\" data-thumbnail=\"https:\/\/jacksbarbershop.lu\/wp-content\/uploads\/2026\/02\/10522568-scaled.png\" data-width=\"1920\" data-height=\"2560\" aria-label=\"Barbier au travail Jack&#039;s Barbershop Luxembourg\" role=\"img\" ><\/div>\n\t\t\t\t\t\t\t\t\t\t\t<div class=\"elementor-gallery-item__overlay\"><\/div>\n\t\t\t\t\t\t\t\t\t\t\t\t\t\t<\/div>\n\t\t\t\t\t<\/div>\n\t\t\t\t\t<\/div>\n\t\t\t\t<\/div>\n\t\t<div id=\"e-n-tab-content-1764291333\" role=\"tabpanel\" aria-labelledby=\"e-n-tab-title-1764291333\" data-tab-index=\"3\" style=\"--n-tabs-title-order: 3;\" class=\"elementor-element elementor-element-620177d e-con-full e-flex wpr-particle-no wpr-jarallax-no wpr-parallax-no wpr-sticky-section-no wpr-equal-height-no e-con e-child\" data-id=\"620177d\" data-element_type=\"container\" data-e-type=\"container\">\n\t\t\t\t<div class=\"elementor-element elementor-element-c58474c elementor-widget elementor-widget-gallery\" data-id=\"c58474c\" data-element_type=\"widget\" data-e-type=\"widget\" data-settings=\"{&quot;columns&quot;:3,&quot;gap&quot;:{&quot;unit&quot;:&quot;px&quot;,&quot;size&quot;:20,&quot;sizes&quot;:[]},&quot;aspect_ratio&quot;:&quot;1:1&quot;,&quot;columns_mobile&quot;:2,&quot;lazyload&quot;:&quot;yes&quot;,&quot;gallery_layout&quot;:&quot;grid&quot;,&quot;columns_tablet&quot;:2,&quot;gap_tablet&quot;:{&quot;unit&quot;:&quot;px&quot;,&quot;size&quot;:10,&quot;sizes&quot;:[]},&quot;gap_mobile&quot;:{&quot;unit&quot;:&quot;px&quot;,&quot;size&quot;:10,&quot;sizes&quot;:[]},&quot;overlay_background&quot;:&quot;yes&quot;,&quot;content_hover_animation&quot;:&quot;fade-in&quot;}\" data-widget_type=\"gallery.default\">\n\t\t\t\t\t\t\t<div class=\"elementor-gallery__container\">\n\t\t\t\t\t\t\t<div class=\"e-gallery-item elementor-gallery-item elementor-animated-content\">\n\t\t\t\t\t<div class=\"e-gallery-image elementor-gallery-item__image\" data-thumbnail=\"https:\/\/jacksbarbershop.lu\/wp-content\/uploads\/2026\/02\/television-sillouhette.jpg.png\" data-width=\"732\" data-height=\"1098\" aria-label=\"\" role=\"img\" ><\/div>\n\t\t\t\t\t\t\t\t\t\t\t<div class=\"elementor-gallery-item__overlay\"><\/div>\n\t\t\t\t\t\t\t\t\t\t\t\t\t\t<\/div>\n\t\t\t\t\t\t\t<div class=\"e-gallery-item elementor-gallery-item elementor-animated-content\">\n\t\t\t\t\t<div class=\"e-gallery-image elementor-gallery-item__image\" data-thumbnail=\"https:\/\/jacksbarbershop.lu\/wp-content\/uploads\/2026\/02\/DSC05446_edited.jpg.png\" data-width=\"610\" data-height=\"580\" aria-label=\"\" role=\"img\" ><\/div>\n\t\t\t\t\t\t\t\t\t\t\t<div class=\"elementor-gallery-item__overlay\"><\/div>\n\t\t\t\t\t\t\t\t\t\t\t\t\t\t<\/div>\n\t\t\t\t\t\t\t<div class=\"e-gallery-item elementor-gallery-item elementor-animated-content\">\n\t\t\t\t\t<div class=\"e-gallery-image elementor-gallery-item__image\" data-thumbnail=\"https:\/\/jacksbarbershop.lu\/wp-content\/uploads\/2026\/02\/Barbier-in-de-zomer.jpg\" data-width=\"395\" data-height=\"406\" aria-label=\"\" role=\"img\" ><\/div>\n\t\t\t\t\t\t\t\t\t\t\t<div class=\"elementor-gallery-item__overlay\"><\/div>\n\t\t\t\t\t\t\t\t\t\t\t\t\t\t<\/div>\n\t\t\t\t\t\t\t<div class=\"e-gallery-item elementor-gallery-item elementor-animated-content\">\n\t\t\t\t\t<div class=\"e-gallery-image elementor-gallery-item__image\" data-thumbnail=\"https:\/\/jacksbarbershop.lu\/wp-content\/uploads\/2026\/02\/10522568-copie-scaled.png\" data-width=\"1920\" data-height=\"2560\" aria-label=\"\" role=\"img\" ><\/div>\n\t\t\t\t\t\t\t\t\t\t\t<div class=\"elementor-gallery-item__overlay\"><\/div>\n\t\t\t\t\t\t\t\t\t\t\t\t\t\t<\/div>\n\t\t\t\t\t\t\t<div class=\"e-gallery-item elementor-gallery-item elementor-animated-content\">\n\t\t\t\t\t<div class=\"e-gallery-image elementor-gallery-item__image\" data-thumbnail=\"https:\/\/jacksbarbershop.lu\/wp-content\/uploads\/2026\/02\/10522568-scaled.png\" data-width=\"1920\" data-height=\"2560\" aria-label=\"Barbier au travail Jack&#039;s Barbershop Luxembourg\" role=\"img\" ><\/div>\n\t\t\t\t\t\t\t\t\t\t\t<div class=\"elementor-gallery-item__overlay\"><\/div>\n\t\t\t\t\t\t\t\t\t\t\t\t\t\t<\/div>\n\t\t\t\t\t<\/div>\n\t\t\t\t\t<\/div>\n\t\t\t\t<\/div>\n\t\t\t\t\t<\/div>\n\t\t<\/div>\n\t\t\t\t\t\t<\/div>\n\t\t\t\t\t<\/div>\n\t\t\t\t<\/div>\n\t\t<div class=\"elementor-element elementor-element-77e49f8 e-con-full e-flex wpr-particle-no wpr-jarallax-no wpr-parallax-no wpr-sticky-section-no wpr-equal-height-no e-con e-parent\" data-id=\"77e49f8\" data-element_type=\"container\" data-e-type=\"container\" data-settings=\"{&quot;background_background&quot;:&quot;classic&quot;}\">\n\t\t\t\t<div class=\"elementor-element elementor-element-85d04d3 elementor-widget__width-initial elementor-absolute e-transform elementor-widget elementor-widget-image\" data-id=\"85d04d3\" data-element_type=\"widget\" data-e-type=\"widget\" data-settings=\"{&quot;_position&quot;:&quot;absolute&quot;,&quot;_transform_rotateZ_effect&quot;:{&quot;unit&quot;:&quot;px&quot;,&quot;size&quot;:108,&quot;sizes&quot;:[]},&quot;_transform_rotateZ_effect_tablet&quot;:{&quot;unit&quot;:&quot;deg&quot;,&quot;size&quot;:&quot;&quot;,&quot;sizes&quot;:[]},&quot;_transform_rotateZ_effect_mobile&quot;:{&quot;unit&quot;:&quot;deg&quot;,&quot;size&quot;:&quot;&quot;,&quot;sizes&quot;:[]}}\" data-widget_type=\"image.default\">\n\t\t\t\t\t\t\t\t\t\t\t\t\t\t\t<img decoding=\"async\" width=\"800\" height=\"800\" src=\"https:\/\/jacksbarbershop.lu\/wp-content\/uploads\/2026\/02\/38-1024x1024.png\" class=\"attachment-large size-large wp-image-1896\" alt=\"\" srcset=\"https:\/\/jacksbarbershop.lu\/wp-content\/uploads\/2026\/02\/38-1024x1024.png 1024w, https:\/\/jacksbarbershop.lu\/wp-content\/uploads\/2026\/02\/38-300x300.png 300w, https:\/\/jacksbarbershop.lu\/wp-content\/uploads\/2026\/02\/38-150x150.png 150w, https:\/\/jacksbarbershop.lu\/wp-content\/uploads\/2026\/02\/38-768x768.png 768w, https:\/\/jacksbarbershop.lu\/wp-content\/uploads\/2026\/02\/38-1536x1536.png 1536w, https:\/\/jacksbarbershop.lu\/wp-content\/uploads\/2026\/02\/38-12x12.png 12w, https:\/\/jacksbarbershop.lu\/wp-content\/uploads\/2026\/02\/38.png 1563w\" sizes=\"(max-width: 800px) 100vw, 800px\" \/>\t\t\t\t\t\t\t\t\t\t\t\t\t\t\t<\/div>\n\t\t\t\t<div class=\"elementor-element elementor-element-cbd315c elementor-widget__width-initial elementor-widget elementor-widget-heading\" data-id=\"cbd315c\" data-element_type=\"widget\" data-e-type=\"widget\" data-widget_type=\"heading.default\">\n\t\t\t\t\t<p class=\"elementor-heading-title elementor-size-default\">Book An Appointment<\/p>\t\t\t\t<\/div>\n\t\t\t\t<div class=\"elementor-element elementor-element-c3319d0 elementor-widget elementor-widget-button\" data-id=\"c3319d0\" data-element_type=\"widget\" data-e-type=\"widget\" data-widget_type=\"button.default\">\n\t\t\t\t\t\t\t\t\t\t<a class=\"elementor-button elementor-button-link elementor-size-sm\" href=\"https:\/\/salonkee.lu\/salon\/adikt-barber\" target=\"_blank\">\n\t\t\t\t\t\t<span class=\"elementor-button-content-wrapper\">\n\t\t\t\t\t\t\t\t\t<span class=\"elementor-button-text\">RIGHT HERE<\/span>\n\t\t\t\t\t<\/span>\n\t\t\t\t\t<\/a>\n\t\t\t\t\t\t\t\t<\/div>\n\t\t\t\t<\/div>\n\t\t\t\t<\/div>","protected":false},"excerpt":{"rendered":"<p>COUPE BARBE LE SALON Prendre Rendez-Vous JUSTE ICI<\/p>","protected":false},"author":1,"featured_media":0,"parent":0,"menu_order":0,"comment_status":"closed","ping_status":"closed","template":"","meta":{"footnotes":""},"class_list":["post-34","page","type-page","status-publish","hentry"],"yoast_head":"<!-- This site is optimized with the Yoast SEO plugin v27.4 - https:\/\/yoast.com\/product\/yoast-seo-wordpress\/ -->\n<title>GALERIE - Jacks Barbershop<\/title>\n<meta name=\"robots\" content=\"noindex, follow, max-snippet:-1, max-image-preview:large, max-video-preview:-1\" \/>\n<meta property=\"og:locale\" content=\"en_GB\" \/>\n<meta property=\"og:type\" content=\"article\" \/>\n<meta property=\"og:title\" content=\"GALERIE - Jacks Barbershop\" \/>\n<meta property=\"og:description\" content=\"COUPE BARBE LE SALON Prendre Rendez-Vous JUSTE ICI\" \/>\n<meta property=\"og:url\" content=\"https:\/\/jacksbarbershop.lu\/en\/galerie\/\" \/>\n<meta property=\"og:site_name\" content=\"Jacks Barbershop\" \/>\n<meta property=\"article:modified_time\" content=\"2026-04-14T12:23:49+00:00\" \/>\n<meta property=\"og:image\" content=\"https:\/\/jacksbarbershop.lu\/wp-content\/uploads\/2026\/02\/55.png\" \/>\n\t<meta property=\"og:image:width\" content=\"1563\" \/>\n\t<meta property=\"og:image:height\" content=\"1563\" \/>\n\t<meta property=\"og:image:type\" content=\"image\/png\" \/>\n<meta name=\"twitter:card\" content=\"summary_large_image\" \/>\n<meta name=\"twitter:label1\" content=\"Estimated reading time\" \/>\n\t<meta name=\"twitter:data1\" content=\"1 minute\" \/>\n<script type=\"application\/ld+json\" class=\"yoast-schema-graph\">{\"@context\":\"https:\\\/\\\/schema.org\",\"@graph\":[{\"@type\":\"WebPage\",\"@id\":\"https:\\\/\\\/jacksbarbershop.lu\\\/galerie\\\/\",\"url\":\"https:\\\/\\\/jacksbarbershop.lu\\\/galerie\\\/\",\"name\":\"GALERIE - Jacks Barbershop\",\"isPartOf\":{\"@id\":\"https:\\\/\\\/jacksbarbershop.lu\\\/#website\"},\"primaryImageOfPage\":{\"@id\":\"https:\\\/\\\/jacksbarbershop.lu\\\/galerie\\\/#primaryimage\"},\"image\":{\"@id\":\"https:\\\/\\\/jacksbarbershop.lu\\\/galerie\\\/#primaryimage\"},\"thumbnailUrl\":\"https:\\\/\\\/jacksbarbershop.lu\\\/wp-content\\\/uploads\\\/2026\\\/02\\\/55-1024x1024.png\",\"datePublished\":\"2026-02-16T10:37:38+00:00\",\"dateModified\":\"2026-04-14T12:23:49+00:00\",\"breadcrumb\":{\"@id\":\"https:\\\/\\\/jacksbarbershop.lu\\\/galerie\\\/#breadcrumb\"},\"inLanguage\":\"en-GB\",\"potentialAction\":[{\"@type\":\"ReadAction\",\"target\":[\"https:\\\/\\\/jacksbarbershop.lu\\\/galerie\\\/\"]}]},{\"@type\":\"ImageObject\",\"inLanguage\":\"en-GB\",\"@id\":\"https:\\\/\\\/jacksbarbershop.lu\\\/galerie\\\/#primaryimage\",\"url\":\"https:\\\/\\\/jacksbarbershop.lu\\\/wp-content\\\/uploads\\\/2026\\\/02\\\/55-1024x1024.png\",\"contentUrl\":\"https:\\\/\\\/jacksbarbershop.lu\\\/wp-content\\\/uploads\\\/2026\\\/02\\\/55-1024x1024.png\"},{\"@type\":\"BreadcrumbList\",\"@id\":\"https:\\\/\\\/jacksbarbershop.lu\\\/galerie\\\/#breadcrumb\",\"itemListElement\":[{\"@type\":\"ListItem\",\"position\":1,\"name\":\"Accueil\",\"item\":\"https:\\\/\\\/jacksbarbershop.lu\\\/\"},{\"@type\":\"ListItem\",\"position\":2,\"name\":\"GALERIE\"}]},{\"@type\":\"WebSite\",\"@id\":\"https:\\\/\\\/jacksbarbershop.lu\\\/#website\",\"url\":\"https:\\\/\\\/jacksbarbershop.lu\\\/\",\"name\":\"Jack's Barbershop\",\"description\":\"\",\"publisher\":{\"@id\":\"https:\\\/\\\/jacksbarbershop.lu\\\/#organization\"},\"potentialAction\":[{\"@type\":\"SearchAction\",\"target\":{\"@type\":\"EntryPoint\",\"urlTemplate\":\"https:\\\/\\\/jacksbarbershop.lu\\\/?s={search_term_string}\"},\"query-input\":{\"@type\":\"PropertyValueSpecification\",\"valueRequired\":true,\"valueName\":\"search_term_string\"}}],\"inLanguage\":\"en-GB\"},{\"@type\":\"Organization\",\"@id\":\"https:\\\/\\\/jacksbarbershop.lu\\\/#organization\",\"name\":\"Jack's Barbershop\",\"url\":\"https:\\\/\\\/jacksbarbershop.lu\\\/\",\"logo\":{\"@type\":\"ImageObject\",\"inLanguage\":\"en-GB\",\"@id\":\"https:\\\/\\\/jacksbarbershop.lu\\\/#\\\/schema\\\/logo\\\/image\\\/\",\"url\":\"https:\\\/\\\/jacksbarbershop.lu\\\/wp-content\\\/uploads\\\/2026\\\/02\\\/cropped-17-e1771495806969.png\",\"contentUrl\":\"https:\\\/\\\/jacksbarbershop.lu\\\/wp-content\\\/uploads\\\/2026\\\/02\\\/cropped-17-e1771495806969.png\",\"width\":912,\"height\":427,\"caption\":\"Jack's Barbershop\"},\"image\":{\"@id\":\"https:\\\/\\\/jacksbarbershop.lu\\\/#\\\/schema\\\/logo\\\/image\\\/\"}}]}<\/script>\n<!-- \/ Yoast SEO plugin. -->","yoast_head_json":{"title":"GALERIE - Jacks Barbershop","robots":{"index":"noindex","follow":"follow","max-snippet":"max-snippet:-1","max-image-preview":"max-image-preview:large","max-video-preview":"max-video-preview:-1"},"og_locale":"en_GB","og_type":"article","og_title":"GALERIE - Jacks Barbershop","og_description":"COUPE BARBE LE SALON Prendre Rendez-Vous JUSTE ICI","og_url":"https:\/\/jacksbarbershop.lu\/en\/galerie\/","og_site_name":"Jacks Barbershop","article_modified_time":"2026-04-14T12:23:49+00:00","og_image":[{"width":1563,"height":1563,"url":"https:\/\/jacksbarbershop.lu\/wp-content\/uploads\/2026\/02\/55.png","type":"image\/png"}],"twitter_card":"summary_large_image","twitter_misc":{"Estimated reading time":"1 minute"},"schema":{"@context":"https:\/\/schema.org","@graph":[{"@type":"WebPage","@id":"https:\/\/jacksbarbershop.lu\/galerie\/","url":"https:\/\/jacksbarbershop.lu\/galerie\/","name":"GALERIE - Jacks Barbershop","isPartOf":{"@id":"https:\/\/jacksbarbershop.lu\/#website"},"primaryImageOfPage":{"@id":"https:\/\/jacksbarbershop.lu\/galerie\/#primaryimage"},"image":{"@id":"https:\/\/jacksbarbershop.lu\/galerie\/#primaryimage"},"thumbnailUrl":"https:\/\/jacksbarbershop.lu\/wp-content\/uploads\/2026\/02\/55-1024x1024.png","datePublished":"2026-02-16T10:37:38+00:00","dateModified":"2026-04-14T12:23:49+00:00","breadcrumb":{"@id":"https:\/\/jacksbarbershop.lu\/galerie\/#breadcrumb"},"inLanguage":"en-GB","potentialAction":[{"@type":"ReadAction","target":["https:\/\/jacksbarbershop.lu\/galerie\/"]}]},{"@type":"ImageObject","inLanguage":"en-GB","@id":"https:\/\/jacksbarbershop.lu\/galerie\/#primaryimage","url":"https:\/\/jacksbarbershop.lu\/wp-content\/uploads\/2026\/02\/55-1024x1024.png","contentUrl":"https:\/\/jacksbarbershop.lu\/wp-content\/uploads\/2026\/02\/55-1024x1024.png"},{"@type":"BreadcrumbList","@id":"https:\/\/jacksbarbershop.lu\/galerie\/#breadcrumb","itemListElement":[{"@type":"ListItem","position":1,"name":"Accueil","item":"https:\/\/jacksbarbershop.lu\/"},{"@type":"ListItem","position":2,"name":"GALERIE"}]},{"@type":"WebSite","@id":"https:\/\/jacksbarbershop.lu\/#website","url":"https:\/\/jacksbarbershop.lu\/","name":"Jack's Barbershop","description":"","publisher":{"@id":"https:\/\/jacksbarbershop.lu\/#organization"},"potentialAction":[{"@type":"SearchAction","target":{"@type":"EntryPoint","urlTemplate":"https:\/\/jacksbarbershop.lu\/?s={search_term_string}"},"query-input":{"@type":"PropertyValueSpecification","valueRequired":true,"valueName":"search_term_string"}}],"inLanguage":"en-GB"},{"@type":"Organization","@id":"https:\/\/jacksbarbershop.lu\/#organization","name":"Jack's Barbershop","url":"https:\/\/jacksbarbershop.lu\/","logo":{"@type":"ImageObject","inLanguage":"en-GB","@id":"https:\/\/jacksbarbershop.lu\/#\/schema\/logo\/image\/","url":"https:\/\/jacksbarbershop.lu\/wp-content\/uploads\/2026\/02\/cropped-17-e1771495806969.png","contentUrl":"https:\/\/jacksbarbershop.lu\/wp-content\/uploads\/2026\/02\/cropped-17-e1771495806969.png","width":912,"height":427,"caption":"Jack's Barbershop"},"image":{"@id":"https:\/\/jacksbarbershop.lu\/#\/schema\/logo\/image\/"}}]}},"_links":{"self":[{"href":"https:\/\/jacksbarbershop.lu\/en\/wp-json\/wp\/v2\/pages\/34","targetHints":{"allow":["GET"]}}],"collection":[{"href":"https:\/\/jacksbarbershop.lu\/en\/wp-json\/wp\/v2\/pages"}],"about":[{"href":"https:\/\/jacksbarbershop.lu\/en\/wp-json\/wp\/v2\/types\/page"}],"author":[{"embeddable":true,"href":"https:\/\/jacksbarbershop.lu\/en\/wp-json\/wp\/v2\/users\/1"}],"replies":[{"embeddable":true,"href":"https:\/\/jacksbarbershop.lu\/en\/wp-json\/wp\/v2\/comments?post=34"}],"version-history":[{"count":94,"href":"https:\/\/jacksbarbershop.lu\/en\/wp-json\/wp\/v2\/pages\/34\/revisions"}],"predecessor-version":[{"id":2439,"href":"https:\/\/jacksbarbershop.lu\/en\/wp-json\/wp\/v2\/pages\/34\/revisions\/2439"}],"wp:attachment":[{"href":"https:\/\/jacksbarbershop.lu\/en\/wp-json\/wp\/v2\/media?parent=34"}],"curies":[{"name":"wp","href":"https:\/\/api.w.org\/{rel}","templated":true}]}}