{"id":27,"date":"2026-02-16T10:36:13","date_gmt":"2026-02-16T10:36:13","guid":{"rendered":"https:\/\/jacksbarbershop.lu\/?page_id=27"},"modified":"2026-04-21T13:29:16","modified_gmt":"2026-04-21T13:29:16","slug":"services","status":"publish","type":"page","link":"https:\/\/jacksbarbershop.lu\/en\/services\/","title":{"rendered":"SERVICES"},"content":{"rendered":"<div data-elementor-type=\"wp-page\" data-elementor-id=\"27\" class=\"elementor elementor-27\" data-elementor-post-type=\"page\">\n\t\t\t\t<div class=\"elementor-element elementor-element-736cf7a e-con-full service-hero  e-flex wpr-particle-no wpr-jarallax-no wpr-parallax-no wpr-sticky-section-no wpr-equal-height-no e-con e-parent\" data-id=\"736cf7a\" data-element_type=\"container\" data-e-type=\"container\" data-settings=\"{&quot;background_background&quot;:&quot;classic&quot;}\">\n\t\t\t\t<\/div>\n\t\t<div class=\"elementor-element elementor-element-7785803 e-flex e-con-boxed wpr-particle-no wpr-jarallax-no wpr-parallax-no wpr-sticky-section-no wpr-equal-height-no e-con e-parent\" data-id=\"7785803\" data-element_type=\"container\" data-e-type=\"container\">\n\t\t\t\t\t<div class=\"e-con-inner\">\n\t\t\t\t<div class=\"elementor-element elementor-element-faeac22 elementor-absolute e-transform elementor-widget elementor-widget-image\" data-id=\"faeac22\" data-element_type=\"widget\" data-e-type=\"widget\" data-settings=\"{&quot;_position&quot;:&quot;absolute&quot;,&quot;_transform_rotateZ_effect&quot;:{&quot;unit&quot;:&quot;px&quot;,&quot;size&quot;:-35,&quot;sizes&quot;:[]},&quot;_transform_rotateZ_effect_mobile&quot;:{&quot;unit&quot;:&quot;deg&quot;,&quot;size&quot;:-28,&quot;sizes&quot;:[]},&quot;_transform_rotateZ_effect_tablet&quot;:{&quot;unit&quot;:&quot;deg&quot;,&quot;size&quot;:&quot;&quot;,&quot;sizes&quot;:[]}}\" data-widget_type=\"image.default\">\n\t\t\t\t\t\t\t\t\t\t\t\t\t\t\t<img fetchpriority=\"high\" decoding=\"async\" width=\"800\" height=\"800\" src=\"https:\/\/jacksbarbershop.lu\/wp-content\/uploads\/2026\/02\/49-1024x1024.png\" class=\"attachment-large size-large wp-image-1929\" alt=\"\" srcset=\"https:\/\/jacksbarbershop.lu\/wp-content\/uploads\/2026\/02\/49-1024x1024.png 1024w, https:\/\/jacksbarbershop.lu\/wp-content\/uploads\/2026\/02\/49-300x300.png 300w, https:\/\/jacksbarbershop.lu\/wp-content\/uploads\/2026\/02\/49-150x150.png 150w, https:\/\/jacksbarbershop.lu\/wp-content\/uploads\/2026\/02\/49-768x768.png 768w, https:\/\/jacksbarbershop.lu\/wp-content\/uploads\/2026\/02\/49-1536x1536.png 1536w, https:\/\/jacksbarbershop.lu\/wp-content\/uploads\/2026\/02\/49-12x12.png 12w, https:\/\/jacksbarbershop.lu\/wp-content\/uploads\/2026\/02\/49.png 1563w\" sizes=\"(max-width: 800px) 100vw, 800px\" \/>\t\t\t\t\t\t\t\t\t\t\t\t\t\t\t<\/div>\n\t\t\t\t\t<\/div>\n\t\t\t\t<\/div>\n\t\t<div class=\"elementor-element elementor-element-e031cae e-con-full e-flex wpr-particle-no wpr-jarallax-no wpr-parallax-no wpr-sticky-section-no wpr-equal-height-no e-con e-parent\" data-id=\"e031cae\" data-element_type=\"container\" data-e-type=\"container\">\n\t\t\t\t<div class=\"elementor-element elementor-element-ee153ea elementor-widget elementor-widget-image\" data-id=\"ee153ea\" data-element_type=\"widget\" data-e-type=\"widget\" data-widget_type=\"image.default\">\n\t\t\t\t\t\t\t\t\t\t\t\t\t\t\t<img decoding=\"async\" width=\"5942\" height=\"8335\" src=\"https:\/\/jacksbarbershop.lu\/wp-content\/uploads\/2026\/04\/AdobeStock_316725446-Converti-1.jpg\" class=\"attachment-full size-full wp-image-2324\" alt=\"\" srcset=\"https:\/\/jacksbarbershop.lu\/wp-content\/uploads\/2026\/04\/AdobeStock_316725446-Converti-1.jpg 5942w, https:\/\/jacksbarbershop.lu\/wp-content\/uploads\/2026\/04\/AdobeStock_316725446-Converti-1-214x300.jpg 214w, https:\/\/jacksbarbershop.lu\/wp-content\/uploads\/2026\/04\/AdobeStock_316725446-Converti-1-730x1024.jpg 730w, https:\/\/jacksbarbershop.lu\/wp-content\/uploads\/2026\/04\/AdobeStock_316725446-Converti-1-768x1077.jpg 768w, https:\/\/jacksbarbershop.lu\/wp-content\/uploads\/2026\/04\/AdobeStock_316725446-Converti-1-9x12.jpg 9w\" sizes=\"(max-width: 5942px) 100vw, 5942px\" \/>\t\t\t\t\t\t\t\t\t\t\t\t\t\t\t<\/div>\n\t\t\t\t<\/div>\n\t\t<div class=\"elementor-element elementor-element-02a84b4 e-flex e-con-boxed wpr-particle-no wpr-jarallax-no wpr-parallax-no wpr-sticky-section-no wpr-equal-height-no e-con e-parent\" data-id=\"02a84b4\" data-element_type=\"container\" data-e-type=\"container\" data-settings=\"{&quot;background_background&quot;:&quot;classic&quot;}\">\n\t\t\t\t\t<div class=\"e-con-inner\">\n\t\t\t\t<div class=\"elementor-element elementor-element-af1ea57 elementor-widget__width-initial elementor-widget elementor-widget-text-editor\" data-id=\"af1ea57\" data-element_type=\"widget\" data-e-type=\"widget\" data-widget_type=\"text-editor.default\">\n\t\t\t\t\t\t\t\t\t<p><span style=\"font-weight: 400;\">Chaque service propos\u00e9 chez Jack&rsquo;s Barbershop est pens\u00e9 pour r\u00e9pondre aux attentes des hommes exigeants au Luxembourg. Shampooing inclus avec toutes les coupes pour un r\u00e9sultat optimal. Produits professionnels s\u00e9lectionn\u00e9s. Prise de rendez-vous en ligne conseill\u00e9e.<\/span><\/p>\t\t\t\t\t\t\t\t<\/div>\n\t\t\t\t<div class=\"elementor-element elementor-element-d6f1686 elementor-absolute e-transform elementor-widget elementor-widget-image\" data-id=\"d6f1686\" data-element_type=\"widget\" data-e-type=\"widget\" data-settings=\"{&quot;_position&quot;:&quot;absolute&quot;,&quot;_transform_rotateZ_effect&quot;:{&quot;unit&quot;:&quot;px&quot;,&quot;size&quot;:15,&quot;sizes&quot;:[]},&quot;_transform_rotateZ_effect_mobile&quot;:{&quot;unit&quot;:&quot;deg&quot;,&quot;size&quot;:20,&quot;sizes&quot;:[]},&quot;_transform_rotateZ_effect_tablet&quot;:{&quot;unit&quot;:&quot;deg&quot;,&quot;size&quot;:&quot;&quot;,&quot;sizes&quot;:[]}}\" data-widget_type=\"image.default\">\n\t\t\t\t\t\t\t\t\t\t\t\t\t\t\t<img decoding=\"async\" width=\"800\" height=\"800\" src=\"https:\/\/jacksbarbershop.lu\/wp-content\/uploads\/2026\/02\/57-1024x1024.png\" class=\"attachment-large size-large wp-image-1930\" alt=\"\" srcset=\"https:\/\/jacksbarbershop.lu\/wp-content\/uploads\/2026\/02\/57-1024x1024.png 1024w, https:\/\/jacksbarbershop.lu\/wp-content\/uploads\/2026\/02\/57-300x300.png 300w, https:\/\/jacksbarbershop.lu\/wp-content\/uploads\/2026\/02\/57-150x150.png 150w, https:\/\/jacksbarbershop.lu\/wp-content\/uploads\/2026\/02\/57-768x768.png 768w, https:\/\/jacksbarbershop.lu\/wp-content\/uploads\/2026\/02\/57-1536x1536.png 1536w, https:\/\/jacksbarbershop.lu\/wp-content\/uploads\/2026\/02\/57-12x12.png 12w, https:\/\/jacksbarbershop.lu\/wp-content\/uploads\/2026\/02\/57.png 1563w\" sizes=\"(max-width: 800px) 100vw, 800px\" \/>\t\t\t\t\t\t\t\t\t\t\t\t\t\t\t<\/div>\n\t\t\t\t\t<\/div>\n\t\t\t\t<\/div>\n\t\t<div class=\"elementor-element elementor-element-38f3ddde e-con-full e-flex wpr-particle-no wpr-jarallax-no wpr-parallax-no wpr-sticky-section-no wpr-equal-height-no e-con e-parent\" data-id=\"38f3ddde\" data-element_type=\"container\" data-e-type=\"container\" data-settings=\"{&quot;background_background&quot;:&quot;classic&quot;}\">\n\t\t\t\t<div class=\"elementor-element elementor-element-43b79127 elementor-widget__width-initial elementor-widget elementor-widget-heading\" data-id=\"43b79127\" data-element_type=\"widget\" data-e-type=\"widget\" data-widget_type=\"heading.default\">\n\t\t\t\t\t<p class=\"elementor-heading-title elementor-size-default\">Book An Appointment<\/p>\t\t\t\t<\/div>\n\t\t\t\t<div class=\"elementor-element elementor-element-4f16649e elementor-widget elementor-widget-button\" data-id=\"4f16649e\" data-element_type=\"widget\" data-e-type=\"widget\" data-widget_type=\"button.default\">\n\t\t\t\t\t\t\t\t\t\t<a class=\"elementor-button elementor-button-link elementor-size-sm\" href=\"https:\/\/salonkee.lu\/salon\/adikt-barber\" target=\"_blank\">\n\t\t\t\t\t\t<span class=\"elementor-button-content-wrapper\">\n\t\t\t\t\t\t\t\t\t<span class=\"elementor-button-text\">RIGHT HERE<\/span>\n\t\t\t\t\t<\/span>\n\t\t\t\t\t<\/a>\n\t\t\t\t\t\t\t\t<\/div>\n\t\t\t\t<div class=\"elementor-element elementor-element-d52846a elementor-widget__width-initial elementor-absolute e-transform elementor-widget elementor-widget-image\" data-id=\"d52846a\" data-element_type=\"widget\" data-e-type=\"widget\" data-settings=\"{&quot;_position&quot;:&quot;absolute&quot;,&quot;_transform_rotateZ_effect&quot;:{&quot;unit&quot;:&quot;px&quot;,&quot;size&quot;:108,&quot;sizes&quot;:[]},&quot;_transform_rotateZ_effect_tablet&quot;:{&quot;unit&quot;:&quot;deg&quot;,&quot;size&quot;:&quot;&quot;,&quot;sizes&quot;:[]},&quot;_transform_rotateZ_effect_mobile&quot;:{&quot;unit&quot;:&quot;deg&quot;,&quot;size&quot;:&quot;&quot;,&quot;sizes&quot;:[]}}\" data-widget_type=\"image.default\">\n\t\t\t\t\t\t\t\t\t\t\t\t\t\t\t<img loading=\"lazy\" decoding=\"async\" width=\"800\" height=\"800\" src=\"https:\/\/jacksbarbershop.lu\/wp-content\/uploads\/2026\/02\/38-1024x1024.png\" class=\"attachment-large size-large wp-image-1896\" alt=\"\" srcset=\"https:\/\/jacksbarbershop.lu\/wp-content\/uploads\/2026\/02\/38-1024x1024.png 1024w, https:\/\/jacksbarbershop.lu\/wp-content\/uploads\/2026\/02\/38-300x300.png 300w, https:\/\/jacksbarbershop.lu\/wp-content\/uploads\/2026\/02\/38-150x150.png 150w, https:\/\/jacksbarbershop.lu\/wp-content\/uploads\/2026\/02\/38-768x768.png 768w, https:\/\/jacksbarbershop.lu\/wp-content\/uploads\/2026\/02\/38-1536x1536.png 1536w, https:\/\/jacksbarbershop.lu\/wp-content\/uploads\/2026\/02\/38-12x12.png 12w, https:\/\/jacksbarbershop.lu\/wp-content\/uploads\/2026\/02\/38.png 1563w\" sizes=\"(max-width: 800px) 100vw, 800px\" \/>\t\t\t\t\t\t\t\t\t\t\t\t\t\t\t<\/div>\n\t\t\t\t<\/div>\n\t\t\t\t<\/div>","protected":false},"excerpt":{"rendered":"<p>Chaque service propos\u00e9 chez Jack&rsquo;s Barbershop est pens\u00e9 pour r\u00e9pondre aux attentes des hommes exigeants au Luxembourg. Shampooing inclus avec toutes les coupes pour un r\u00e9sultat optimal. Produits professionnels s\u00e9lectionn\u00e9s. Prise de rendez-vous en ligne conseill\u00e9e. Prendre Rendez-Vous JUSTE ICI<\/p>","protected":false},"author":1,"featured_media":0,"parent":0,"menu_order":0,"comment_status":"closed","ping_status":"closed","template":"","meta":{"footnotes":""},"class_list":["post-27","page","type-page","status-publish","hentry"],"yoast_head":"<!-- This site is optimized with the Yoast SEO plugin v27.4 - https:\/\/yoast.com\/product\/yoast-seo-wordpress\/ -->\n<title>Services &amp; Tarifs | Barbershop Luxembourg | Jack&#039;s<\/title>\n<meta name=\"description\" content=\"Coupe homme, barbe, rasage traditionnel, forfaits et soins. Tous les tarifs du salon \u00e0 Luxembourg-Ville. R\u00e9servation en ligne disponible.\" \/>\n<meta name=\"robots\" content=\"noindex, follow, max-snippet:-1, max-image-preview:large, max-video-preview:-1\" \/>\n<meta property=\"og:locale\" content=\"en_GB\" \/>\n<meta property=\"og:type\" content=\"article\" \/>\n<meta property=\"og:title\" content=\"Services &amp; Tarifs | Barbershop Luxembourg | Jack&#039;s\" \/>\n<meta property=\"og:description\" content=\"Coupe homme, barbe, rasage traditionnel, forfaits et soins. Tous les tarifs du salon \u00e0 Luxembourg-Ville. R\u00e9servation en ligne disponible.\" \/>\n<meta property=\"og:url\" content=\"https:\/\/jacksbarbershop.lu\/en\/services\/\" \/>\n<meta property=\"og:site_name\" content=\"Jacks Barbershop\" \/>\n<meta property=\"article:modified_time\" content=\"2026-04-21T13:29:16+00:00\" \/>\n<meta property=\"og:image\" content=\"https:\/\/jacksbarbershop.lu\/wp-content\/uploads\/2026\/02\/49-1024x1024.png\" \/>\n<meta name=\"twitter:card\" content=\"summary_large_image\" \/>\n<meta name=\"twitter:label1\" content=\"Estimated reading time\" \/>\n\t<meta name=\"twitter:data1\" content=\"2 minutes\" \/>\n<script type=\"application\/ld+json\" class=\"yoast-schema-graph\">{\"@context\":\"https:\\\/\\\/schema.org\",\"@graph\":[{\"@type\":\"WebPage\",\"@id\":\"https:\\\/\\\/jacksbarbershop.lu\\\/services\\\/\",\"url\":\"https:\\\/\\\/jacksbarbershop.lu\\\/services\\\/\",\"name\":\"Services & Tarifs | Barbershop Luxembourg | Jack's\",\"isPartOf\":{\"@id\":\"https:\\\/\\\/jacksbarbershop.lu\\\/#website\"},\"primaryImageOfPage\":{\"@id\":\"https:\\\/\\\/jacksbarbershop.lu\\\/services\\\/#primaryimage\"},\"image\":{\"@id\":\"https:\\\/\\\/jacksbarbershop.lu\\\/services\\\/#primaryimage\"},\"thumbnailUrl\":\"https:\\\/\\\/jacksbarbershop.lu\\\/wp-content\\\/uploads\\\/2026\\\/02\\\/49-1024x1024.png\",\"datePublished\":\"2026-02-16T10:36:13+00:00\",\"dateModified\":\"2026-04-21T13:29:16+00:00\",\"description\":\"Coupe homme, barbe, rasage traditionnel, forfaits et soins. Tous les tarifs du salon \u00e0 Luxembourg-Ville. R\u00e9servation en ligne disponible.\",\"breadcrumb\":{\"@id\":\"https:\\\/\\\/jacksbarbershop.lu\\\/services\\\/#breadcrumb\"},\"inLanguage\":\"en-GB\",\"potentialAction\":[{\"@type\":\"ReadAction\",\"target\":[\"https:\\\/\\\/jacksbarbershop.lu\\\/services\\\/\"]}]},{\"@type\":\"ImageObject\",\"inLanguage\":\"en-GB\",\"@id\":\"https:\\\/\\\/jacksbarbershop.lu\\\/services\\\/#primaryimage\",\"url\":\"https:\\\/\\\/jacksbarbershop.lu\\\/wp-content\\\/uploads\\\/2026\\\/02\\\/49-1024x1024.png\",\"contentUrl\":\"https:\\\/\\\/jacksbarbershop.lu\\\/wp-content\\\/uploads\\\/2026\\\/02\\\/49-1024x1024.png\"},{\"@type\":\"BreadcrumbList\",\"@id\":\"https:\\\/\\\/jacksbarbershop.lu\\\/services\\\/#breadcrumb\",\"itemListElement\":[{\"@type\":\"ListItem\",\"position\":1,\"name\":\"Accueil\",\"item\":\"https:\\\/\\\/jacksbarbershop.lu\\\/\"},{\"@type\":\"ListItem\",\"position\":2,\"name\":\"SERVICES\"}]},{\"@type\":\"WebSite\",\"@id\":\"https:\\\/\\\/jacksbarbershop.lu\\\/#website\",\"url\":\"https:\\\/\\\/jacksbarbershop.lu\\\/\",\"name\":\"Jack's Barbershop\",\"description\":\"\",\"publisher\":{\"@id\":\"https:\\\/\\\/jacksbarbershop.lu\\\/#organization\"},\"potentialAction\":[{\"@type\":\"SearchAction\",\"target\":{\"@type\":\"EntryPoint\",\"urlTemplate\":\"https:\\\/\\\/jacksbarbershop.lu\\\/?s={search_term_string}\"},\"query-input\":{\"@type\":\"PropertyValueSpecification\",\"valueRequired\":true,\"valueName\":\"search_term_string\"}}],\"inLanguage\":\"en-GB\"},{\"@type\":\"Organization\",\"@id\":\"https:\\\/\\\/jacksbarbershop.lu\\\/#organization\",\"name\":\"Jack's Barbershop\",\"url\":\"https:\\\/\\\/jacksbarbershop.lu\\\/\",\"logo\":{\"@type\":\"ImageObject\",\"inLanguage\":\"en-GB\",\"@id\":\"https:\\\/\\\/jacksbarbershop.lu\\\/#\\\/schema\\\/logo\\\/image\\\/\",\"url\":\"https:\\\/\\\/jacksbarbershop.lu\\\/wp-content\\\/uploads\\\/2026\\\/02\\\/cropped-17-e1771495806969.png\",\"contentUrl\":\"https:\\\/\\\/jacksbarbershop.lu\\\/wp-content\\\/uploads\\\/2026\\\/02\\\/cropped-17-e1771495806969.png\",\"width\":912,\"height\":427,\"caption\":\"Jack's Barbershop\"},\"image\":{\"@id\":\"https:\\\/\\\/jacksbarbershop.lu\\\/#\\\/schema\\\/logo\\\/image\\\/\"}}]}<\/script>\n<!-- \/ Yoast SEO plugin. -->","yoast_head_json":{"title":"Services & Tarifs | Barbershop Luxembourg | Jack's","description":"Coupe homme, barbe, rasage traditionnel, forfaits et soins. Tous les tarifs du salon \u00e0 Luxembourg-Ville. R\u00e9servation en ligne disponible.","robots":{"index":"noindex","follow":"follow","max-snippet":"max-snippet:-1","max-image-preview":"max-image-preview:large","max-video-preview":"max-video-preview:-1"},"og_locale":"en_GB","og_type":"article","og_title":"Services & Tarifs | Barbershop Luxembourg | Jack's","og_description":"Coupe homme, barbe, rasage traditionnel, forfaits et soins. Tous les tarifs du salon \u00e0 Luxembourg-Ville. R\u00e9servation en ligne disponible.","og_url":"https:\/\/jacksbarbershop.lu\/en\/services\/","og_site_name":"Jacks Barbershop","article_modified_time":"2026-04-21T13:29:16+00:00","og_image":[{"url":"https:\/\/jacksbarbershop.lu\/wp-content\/uploads\/2026\/02\/49-1024x1024.png","type":"","width":"","height":""}],"twitter_card":"summary_large_image","twitter_misc":{"Estimated reading time":"2 minutes"},"schema":{"@context":"https:\/\/schema.org","@graph":[{"@type":"WebPage","@id":"https:\/\/jacksbarbershop.lu\/services\/","url":"https:\/\/jacksbarbershop.lu\/services\/","name":"Services & Tarifs | Barbershop Luxembourg | Jack's","isPartOf":{"@id":"https:\/\/jacksbarbershop.lu\/#website"},"primaryImageOfPage":{"@id":"https:\/\/jacksbarbershop.lu\/services\/#primaryimage"},"image":{"@id":"https:\/\/jacksbarbershop.lu\/services\/#primaryimage"},"thumbnailUrl":"https:\/\/jacksbarbershop.lu\/wp-content\/uploads\/2026\/02\/49-1024x1024.png","datePublished":"2026-02-16T10:36:13+00:00","dateModified":"2026-04-21T13:29:16+00:00","description":"Coupe homme, barbe, rasage traditionnel, forfaits et soins. Tous les tarifs du salon \u00e0 Luxembourg-Ville. R\u00e9servation en ligne disponible.","breadcrumb":{"@id":"https:\/\/jacksbarbershop.lu\/services\/#breadcrumb"},"inLanguage":"en-GB","potentialAction":[{"@type":"ReadAction","target":["https:\/\/jacksbarbershop.lu\/services\/"]}]},{"@type":"ImageObject","inLanguage":"en-GB","@id":"https:\/\/jacksbarbershop.lu\/services\/#primaryimage","url":"https:\/\/jacksbarbershop.lu\/wp-content\/uploads\/2026\/02\/49-1024x1024.png","contentUrl":"https:\/\/jacksbarbershop.lu\/wp-content\/uploads\/2026\/02\/49-1024x1024.png"},{"@type":"BreadcrumbList","@id":"https:\/\/jacksbarbershop.lu\/services\/#breadcrumb","itemListElement":[{"@type":"ListItem","position":1,"name":"Accueil","item":"https:\/\/jacksbarbershop.lu\/"},{"@type":"ListItem","position":2,"name":"SERVICES"}]},{"@type":"WebSite","@id":"https:\/\/jacksbarbershop.lu\/#website","url":"https:\/\/jacksbarbershop.lu\/","name":"Jack's Barbershop","description":"","publisher":{"@id":"https:\/\/jacksbarbershop.lu\/#organization"},"potentialAction":[{"@type":"SearchAction","target":{"@type":"EntryPoint","urlTemplate":"https:\/\/jacksbarbershop.lu\/?s={search_term_string}"},"query-input":{"@type":"PropertyValueSpecification","valueRequired":true,"valueName":"search_term_string"}}],"inLanguage":"en-GB"},{"@type":"Organization","@id":"https:\/\/jacksbarbershop.lu\/#organization","name":"Jack's Barbershop","url":"https:\/\/jacksbarbershop.lu\/","logo":{"@type":"ImageObject","inLanguage":"en-GB","@id":"https:\/\/jacksbarbershop.lu\/#\/schema\/logo\/image\/","url":"https:\/\/jacksbarbershop.lu\/wp-content\/uploads\/2026\/02\/cropped-17-e1771495806969.png","contentUrl":"https:\/\/jacksbarbershop.lu\/wp-content\/uploads\/2026\/02\/cropped-17-e1771495806969.png","width":912,"height":427,"caption":"Jack's Barbershop"},"image":{"@id":"https:\/\/jacksbarbershop.lu\/#\/schema\/logo\/image\/"}}]}},"_links":{"self":[{"href":"https:\/\/jacksbarbershop.lu\/en\/wp-json\/wp\/v2\/pages\/27","targetHints":{"allow":["GET"]}}],"collection":[{"href":"https:\/\/jacksbarbershop.lu\/en\/wp-json\/wp\/v2\/pages"}],"about":[{"href":"https:\/\/jacksbarbershop.lu\/en\/wp-json\/wp\/v2\/types\/page"}],"author":[{"embeddable":true,"href":"https:\/\/jacksbarbershop.lu\/en\/wp-json\/wp\/v2\/users\/1"}],"replies":[{"embeddable":true,"href":"https:\/\/jacksbarbershop.lu\/en\/wp-json\/wp\/v2\/comments?post=27"}],"version-history":[{"count":287,"href":"https:\/\/jacksbarbershop.lu\/en\/wp-json\/wp\/v2\/pages\/27\/revisions"}],"predecessor-version":[{"id":2601,"href":"https:\/\/jacksbarbershop.lu\/en\/wp-json\/wp\/v2\/pages\/27\/revisions\/2601"}],"wp:attachment":[{"href":"https:\/\/jacksbarbershop.lu\/en\/wp-json\/wp\/v2\/media?parent=27"}],"curies":[{"name":"wp","href":"https:\/\/api.w.org\/{rel}","templated":true}]}}