{"id":1429,"date":"2026-04-14T13:01:34","date_gmt":"2026-04-14T13:01:34","guid":{"rendered":"https:\/\/jacksbarbershop.lu\/?page_id=1429"},"modified":"2026-04-21T12:34:23","modified_gmt":"2026-04-21T12:34:23","slug":"recrutement","status":"publish","type":"page","link":"https:\/\/jacksbarbershop.lu\/en\/recrutement\/","title":{"rendered":"RECRUTEMENT"},"content":{"rendered":"\t\t<div data-elementor-type=\"wp-page\" data-elementor-id=\"1429\" class=\"elementor elementor-1429\" data-elementor-post-type=\"page\">\n\t\t\t\t<div class=\"elementor-element elementor-element-920801b e-con-full recrutement-hero e-flex wpr-particle-no wpr-jarallax-no wpr-parallax-no wpr-sticky-section-no wpr-equal-height-no e-con e-parent\" data-id=\"920801b\" data-element_type=\"container\" data-e-type=\"container\" data-settings=\"{&quot;background_background&quot;:&quot;classic&quot;}\">\n\t\t\t\t<\/div>\n\t\t<div class=\"elementor-element elementor-element-5e3603d e-con-full e-flex wpr-particle-no wpr-jarallax-no wpr-parallax-no wpr-sticky-section-no wpr-equal-height-no elementor-invisible e-con e-parent\" data-id=\"5e3603d\" data-element_type=\"container\" data-e-type=\"container\" data-settings=\"{&quot;animation&quot;:&quot;zoomIn&quot;,&quot;background_background&quot;:&quot;classic&quot;}\">\n\t\t<div class=\"elementor-element elementor-element-8fe9a7b e-flex e-con-boxed wpr-particle-no wpr-jarallax-no wpr-parallax-no wpr-sticky-section-no wpr-equal-height-no e-con e-child\" data-id=\"8fe9a7b\" data-element_type=\"container\" data-e-type=\"container\">\n\t\t\t\t\t<div class=\"e-con-inner\">\n\t\t\t\t<div class=\"elementor-element elementor-element-fc3a5da elementor-widget elementor-widget-heading\" data-id=\"fc3a5da\" data-element_type=\"widget\" data-e-type=\"widget\" data-widget_type=\"heading.default\">\n\t\t\t\t\t<p class=\"elementor-heading-title elementor-size-default\">Rejoignez l'\u00e9quipe<\/p>\t\t\t\t<\/div>\n\t\t\t\t<div class=\"elementor-element elementor-element-4a7dfaf elementor-widget elementor-widget-heading\" data-id=\"4a7dfaf\" data-element_type=\"widget\" data-e-type=\"widget\" data-widget_type=\"heading.default\">\n\t\t\t\t\t<h2 class=\"elementor-heading-title elementor-size-default\">Jack's<\/h2>\t\t\t\t<\/div>\n\t\t\t\t<div class=\"elementor-element elementor-element-82cf5b6 elementor-widget elementor-widget-text-editor\" data-id=\"82cf5b6\" data-element_type=\"widget\" data-e-type=\"widget\" data-widget_type=\"text-editor.default\">\n\t\t\t\t\t\t\t\t\t<p>Vous \u00eates passionn\u00e9 par l&rsquo;art du barbering ? Int\u00e9grez un salon de r\u00e9f\u00e9rence \u00e0 Luxembourg, dans un univers vintage et artisanal d&rsquo;exception.<\/p>\t\t\t\t\t\t\t\t<\/div>\n\t\t\t\t\t<\/div>\n\t\t\t\t<\/div>\n\t\t\t\t<\/div>\n\t\t<div class=\"elementor-element elementor-element-fa26afd e-con-full e-flex wpr-particle-no wpr-jarallax-no wpr-parallax-no wpr-sticky-section-no wpr-equal-height-no elementor-invisible e-con e-parent\" data-id=\"fa26afd\" data-element_type=\"container\" data-e-type=\"container\" data-settings=\"{&quot;animation&quot;:&quot;zoomIn&quot;}\">\n\t\t<div class=\"elementor-element elementor-element-3f64189 e-flex e-con-boxed wpr-particle-no wpr-jarallax-no wpr-parallax-no wpr-sticky-section-no wpr-equal-height-no e-con e-child\" data-id=\"3f64189\" data-element_type=\"container\" data-e-type=\"container\">\n\t\t\t\t\t<div class=\"e-con-inner\">\n\t\t\t\t<div class=\"elementor-element elementor-element-7ac97f1 elementor-widget elementor-widget-text-editor\" data-id=\"7ac97f1\" data-element_type=\"widget\" data-e-type=\"widget\" data-widget_type=\"text-editor.default\">\n\t\t\t\t\t\t\t\t\t<p>NOTRE ADN<\/p>\t\t\t\t\t\t\t\t<\/div>\n\t\t\t\t<div class=\"elementor-element elementor-element-32d03d5 elementor-widget elementor-widget-heading\" data-id=\"32d03d5\" data-element_type=\"widget\" data-e-type=\"widget\" data-widget_type=\"heading.default\">\n\t\t\t\t\t<p class=\"elementor-heading-title elementor-size-default\">Tradition. \u00c9l\u00e9gance. Excellence.<\/p>\t\t\t\t<\/div>\n\t\t\t\t<div class=\"elementor-element elementor-element-ddfbf5a elementor-widget elementor-widget-text-editor\" data-id=\"ddfbf5a\" data-element_type=\"widget\" data-e-type=\"widget\" data-widget_type=\"text-editor.default\">\n\t\t\t\t\t\t\t\t\t<p>Chez Jack&rsquo;s, chaque geste est un rituel. Ciseaux aff\u00fbt\u00e9s, rasage \u00e0 la lame droite, serviette chaude \u2014 nous perp\u00e9tuons l&rsquo;art des ma\u00eetres barbiers d&rsquo;antan dans un \u00e9crin vintage au c\u0153ur de Luxembourg.<\/p>\t\t\t\t\t\t\t\t<\/div>\n\t\t<div class=\"elementor-element elementor-element-5a2ecb49 e-con-full e-flex wpr-particle-no wpr-jarallax-no wpr-parallax-no wpr-sticky-section-no wpr-equal-height-no e-con e-child\" data-id=\"5a2ecb49\" data-element_type=\"container\" data-e-type=\"container\">\n\t\t<div class=\"elementor-element elementor-element-32177060 e-con-full e-flex wpr-particle-no wpr-jarallax-no wpr-parallax-no wpr-sticky-section-no wpr-equal-height-no e-con e-child\" data-id=\"32177060\" data-element_type=\"container\" data-e-type=\"container\">\n\t\t<div class=\"elementor-element elementor-element-7f1e4168 e-con-full e-flex wpr-particle-no wpr-jarallax-no wpr-parallax-no wpr-sticky-section-no wpr-equal-height-no e-con e-child\" data-id=\"7f1e4168\" data-element_type=\"container\" data-e-type=\"container\">\n\t\t\t\t<div class=\"elementor-element elementor-element-53fc7056 elementor-widget elementor-widget-heading\" data-id=\"53fc7056\" data-element_type=\"widget\" data-e-type=\"widget\" data-widget_type=\"heading.default\">\n\t\t\t\t\t<h3 class=\"elementor-heading-title elementor-size-default\">Artisanat<\/h3>\t\t\t\t<\/div>\n\t\t\t\t<div class=\"elementor-element elementor-element-38a2e666 elementor-widget elementor-widget-text-editor\" data-id=\"38a2e666\" data-element_type=\"widget\" data-e-type=\"widget\" data-widget_type=\"text-editor.default\">\n\t\t\t\t\t\t\t\t\t<p>Le soin du d\u00e9tail prime sur la rapidit\u00e9. Chaque client repart avec une coupe parfaite.<\/p>\t\t\t\t\t\t\t\t<\/div>\n\t\t\t\t<\/div>\n\t\t\t\t<\/div>\n\t\t<div class=\"elementor-element elementor-element-5fe61a9 e-con-full e-flex wpr-particle-no wpr-jarallax-no wpr-parallax-no wpr-sticky-section-no wpr-equal-height-no e-con e-child\" data-id=\"5fe61a9\" data-element_type=\"container\" data-e-type=\"container\">\n\t\t<div class=\"elementor-element elementor-element-28374b3 e-con-full e-flex wpr-particle-no wpr-jarallax-no wpr-parallax-no wpr-sticky-section-no wpr-equal-height-no e-con e-child\" data-id=\"28374b3\" data-element_type=\"container\" data-e-type=\"container\">\n\t\t\t\t<div class=\"elementor-element elementor-element-8760be0 elementor-widget elementor-widget-heading\" data-id=\"8760be0\" data-element_type=\"widget\" data-e-type=\"widget\" data-widget_type=\"heading.default\">\n\t\t\t\t\t<h3 class=\"elementor-heading-title elementor-size-default\">Ambiance<\/h3>\t\t\t\t<\/div>\n\t\t\t\t<div class=\"elementor-element elementor-element-f49ed37 elementor-widget elementor-widget-text-editor\" data-id=\"f49ed37\" data-element_type=\"widget\" data-e-type=\"widget\" data-widget_type=\"text-editor.default\">\n\t\t\t\t\t\t\t\t\t<p>Un cadre vintage chaleureux o\u00f9 l&rsquo;\u00e9quipe et les clients se sentent comme \u00e0 la maison.<\/p>\t\t\t\t\t\t\t\t<\/div>\n\t\t\t\t<\/div>\n\t\t\t\t<\/div>\n\t\t<div class=\"elementor-element elementor-element-02237ba e-con-full e-flex wpr-particle-no wpr-jarallax-no wpr-parallax-no wpr-sticky-section-no wpr-equal-height-no e-con e-child\" data-id=\"02237ba\" data-element_type=\"container\" data-e-type=\"container\">\n\t\t<div class=\"elementor-element elementor-element-baed19e e-con-full e-flex wpr-particle-no wpr-jarallax-no wpr-parallax-no wpr-sticky-section-no wpr-equal-height-no e-con e-child\" data-id=\"baed19e\" data-element_type=\"container\" data-e-type=\"container\">\n\t\t\t\t<div class=\"elementor-element elementor-element-5c38bb3 elementor-widget elementor-widget-heading\" data-id=\"5c38bb3\" data-element_type=\"widget\" data-e-type=\"widget\" data-widget_type=\"heading.default\">\n\t\t\t\t\t<h3 class=\"elementor-heading-title elementor-size-default\">\u00c9volution<\/h3>\t\t\t\t<\/div>\n\t\t\t\t<div class=\"elementor-element elementor-element-1e7e50f elementor-widget elementor-widget-text-editor\" data-id=\"1e7e50f\" data-element_type=\"widget\" data-e-type=\"widget\" data-widget_type=\"text-editor.default\">\n\t\t\t\t\t\t\t\t\t<p>Formations continues, techniques modernes greff\u00e9es sur des bases traditionnelles solides.<\/p>\t\t\t\t\t\t\t\t<\/div>\n\t\t\t\t<\/div>\n\t\t\t\t<\/div>\n\t\t<div class=\"elementor-element elementor-element-8053d94 e-con-full e-flex wpr-particle-no wpr-jarallax-no wpr-parallax-no wpr-sticky-section-no wpr-equal-height-no e-con e-child\" data-id=\"8053d94\" data-element_type=\"container\" data-e-type=\"container\">\n\t\t<div class=\"elementor-element elementor-element-628df71 e-con-full e-flex wpr-particle-no wpr-jarallax-no wpr-parallax-no wpr-sticky-section-no wpr-equal-height-no e-con e-child\" data-id=\"628df71\" data-element_type=\"container\" data-e-type=\"container\">\n\t\t\t\t<div class=\"elementor-element elementor-element-326a48c elementor-widget elementor-widget-heading\" data-id=\"326a48c\" data-element_type=\"widget\" data-e-type=\"widget\" data-widget_type=\"heading.default\">\n\t\t\t\t\t<h3 class=\"elementor-heading-title elementor-size-default\">\u00c9quipe<\/h3>\t\t\t\t<\/div>\n\t\t\t\t<div class=\"elementor-element elementor-element-3df6d8b elementor-widget elementor-widget-text-editor\" data-id=\"3df6d8b\" data-element_type=\"widget\" data-e-type=\"widget\" data-widget_type=\"text-editor.default\">\n\t\t\t\t\t\t\t\t\t<p>Une brigade soud\u00e9e, bienveillante, passionn\u00e9e par leur m\u00e9tier et leur client\u00e8le.<\/p>\t\t\t\t\t\t\t\t<\/div>\n\t\t\t\t<\/div>\n\t\t\t\t<\/div>\n\t\t<div class=\"elementor-element elementor-element-139135c7 e-con-full e-flex wpr-particle-no wpr-jarallax-no wpr-parallax-no wpr-sticky-section-no wpr-equal-height-no e-con e-child\" data-id=\"139135c7\" data-element_type=\"container\" data-e-type=\"container\">\n\t\t\t\t<\/div>\n\t\t<div class=\"elementor-element elementor-element-72a7bd37 e-con-full e-flex wpr-particle-no wpr-jarallax-no wpr-parallax-no wpr-sticky-section-no wpr-equal-height-no e-con e-child\" data-id=\"72a7bd37\" data-element_type=\"container\" data-e-type=\"container\">\n\t\t\t\t<\/div>\n\t\t\t\t<\/div>\n\t\t\t\t\t<\/div>\n\t\t\t\t<\/div>\n\t\t\t\t<\/div>\n\t\t<div class=\"elementor-element elementor-element-1f65554 e-con-full e-flex wpr-particle-no wpr-jarallax-no wpr-parallax-no wpr-sticky-section-no wpr-equal-height-no elementor-invisible e-con e-parent\" data-id=\"1f65554\" data-element_type=\"container\" data-e-type=\"container\" data-settings=\"{&quot;animation&quot;:&quot;zoomIn&quot;,&quot;background_background&quot;:&quot;classic&quot;}\">\n\t\t<div class=\"elementor-element elementor-element-d12c002 e-flex e-con-boxed wpr-particle-no wpr-jarallax-no wpr-parallax-no wpr-sticky-section-no wpr-equal-height-no e-con e-child\" data-id=\"d12c002\" data-element_type=\"container\" data-e-type=\"container\">\n\t\t\t\t\t<div class=\"e-con-inner\">\n\t\t\t\t<div class=\"elementor-element elementor-element-8b0f145 elementor-widget elementor-widget-text-editor\" data-id=\"8b0f145\" data-element_type=\"widget\" data-e-type=\"widget\" data-widget_type=\"text-editor.default\">\n\t\t\t\t\t\t\t\t\t<p>POSTULER<\/p>\t\t\t\t\t\t\t\t<\/div>\n\t\t\t\t<div class=\"elementor-element elementor-element-2047dca elementor-widget elementor-widget-heading\" data-id=\"2047dca\" data-element_type=\"widget\" data-e-type=\"widget\" data-widget_type=\"heading.default\">\n\t\t\t\t\t<p class=\"elementor-heading-title elementor-size-default\">Envoyez votre candidature<\/p>\t\t\t\t<\/div>\n\t\t\t\t<div class=\"elementor-element elementor-element-c84ee53 elementor-widget elementor-widget-text-editor\" data-id=\"c84ee53\" data-element_type=\"widget\" data-e-type=\"widget\" data-widget_type=\"text-editor.default\">\n\t\t\t\t\t\t\t\t\t<p>Remplissez le formulaire ci-dessous et nous reviendrons vers vous dans les plus brefs d\u00e9lais.<\/p>\t\t\t\t\t\t\t\t<\/div>\n\t\t\t\t<div class=\"elementor-element elementor-element-4bdeb9e elementor-button-align-stretch elementor-widget elementor-widget-form\" data-id=\"4bdeb9e\" data-element_type=\"widget\" data-e-type=\"widget\" data-settings=\"{&quot;button_width&quot;:&quot;40&quot;,&quot;step_next_label&quot;:&quot;Suivant&quot;,&quot;step_previous_label&quot;:&quot;Pr\\u00e9c\\u00e9dent&quot;,&quot;step_icon_shape&quot;:&quot;rounded&quot;,&quot;step_type&quot;:&quot;number_text&quot;}\" data-widget_type=\"form.default\">\n\t\t\t\t\t\t\t<form class=\"elementor-form\" method=\"post\" name=\"Nouveau formulaire\" aria-label=\"Nouveau formulaire\">\n\t\t\t<input type=\"hidden\" name=\"post_id\" value=\"1429\"\/>\n\t\t\t<input type=\"hidden\" name=\"form_id\" value=\"4bdeb9e\"\/>\n\t\t\t<input type=\"hidden\" name=\"referer_title\" value=\"RECRUTEMENT - Jacks Barbershop\" \/>\n\n\t\t\t\t\t\t\t<input type=\"hidden\" name=\"queried_id\" value=\"1429\"\/>\n\t\t\t\n\t\t\t<div class=\"elementor-form-fields-wrapper elementor-labels-above\">\n\t\t\t\t\t\t\t\t<div class=\"elementor-field-type-text elementor-field-group elementor-column elementor-field-group-name elementor-col-50 elementor-field-required elementor-mark-required\">\n\t\t\t\t\t\t\t\t\t\t\t\t\t<input size=\"1\" type=\"text\" name=\"form_fields[name]\" id=\"form-field-name\" class=\"elementor-field elementor-size-sm  elementor-field-textual\" placeholder=\"Nom*\" required=\"required\">\n\t\t\t\t\t\t\t\t\t\t\t<\/div>\n\t\t\t\t\t\t\t\t<div class=\"elementor-field-type-text elementor-field-group elementor-column elementor-field-group-field_2e59f24 elementor-col-50 elementor-field-required elementor-mark-required\">\n\t\t\t\t\t\t\t\t\t\t\t\t\t<input size=\"1\" type=\"text\" name=\"form_fields[field_2e59f24]\" id=\"form-field-field_2e59f24\" class=\"elementor-field elementor-size-sm  elementor-field-textual\" placeholder=\"Pr\u00e9nom*\" required=\"required\">\n\t\t\t\t\t\t\t\t\t\t\t<\/div>\n\t\t\t\t\t\t\t\t<div class=\"elementor-field-type-tel elementor-field-group elementor-column elementor-field-group-email elementor-col-50 elementor-field-required elementor-mark-required\">\n\t\t\t\t\t\t\t<input size=\"1\" type=\"tel\" name=\"form_fields[email]\" id=\"form-field-email\" class=\"elementor-field elementor-size-sm  elementor-field-textual\" placeholder=\"T\u00e9l\u00e9phone*\" required=\"required\" pattern=\"[0-9()#&amp;+*-=.]+\" title=\"Seuls les caract\u00e8res de num\u00e9ros de t\u00e9l\u00e9phone (#, -, *, etc.) sont accept\u00e9s.\">\n\n\t\t\t\t\t\t<\/div>\n\t\t\t\t\t\t\t\t<div class=\"elementor-field-type-email elementor-field-group elementor-column elementor-field-group-field_dddaa48 elementor-col-50 elementor-field-required elementor-mark-required\">\n\t\t\t\t\t\t\t\t\t\t\t\t\t<input size=\"1\" type=\"email\" name=\"form_fields[field_dddaa48]\" id=\"form-field-field_dddaa48\" class=\"elementor-field elementor-size-sm  elementor-field-textual\" placeholder=\"E-mail*\" required=\"required\">\n\t\t\t\t\t\t\t\t\t\t\t<\/div>\n\t\t\t\t\t\t\t\t<div class=\"elementor-field-type-text elementor-field-group elementor-column elementor-field-group-field_c41c225 elementor-col-50\">\n\t\t\t\t\t\t\t\t\t\t\t\t\t<input size=\"1\" type=\"text\" name=\"form_fields[field_c41c225]\" id=\"form-field-field_c41c225\" class=\"elementor-field elementor-size-sm  elementor-field-textual\" placeholder=\"Poste souhait\u00e9\">\n\t\t\t\t\t\t\t\t\t\t\t<\/div>\n\t\t\t\t\t\t\t\t<div class=\"elementor-field-type-text elementor-field-group elementor-column elementor-field-group-field_8b3d8a1 elementor-col-50\">\n\t\t\t\t\t\t\t\t\t\t\t\t\t<input size=\"1\" type=\"text\" name=\"form_fields[field_8b3d8a1]\" id=\"form-field-field_8b3d8a1\" class=\"elementor-field elementor-size-sm  elementor-field-textual\" placeholder=\"Votre exp\u00e9rience\">\n\t\t\t\t\t\t\t\t\t\t\t<\/div>\n\t\t\t\t\t\t\t\t<div class=\"elementor-field-type-upload elementor-field-group elementor-column elementor-field-group-field_bf56376 elementor-col-100\">\n\t\t\t\t\t\t\t\t\t\t\t\t<label for=\"form-field-field_bf56376\" class=\"elementor-field-label\">\n\t\t\t\t\t\t\t\tCV*\t\t\t\t\t\t\t<\/label>\n\t\t\t\t\t\t\t\t<input type=\"file\" name=\"form_fields[field_bf56376][]\" id=\"form-field-field_bf56376\" class=\"elementor-field elementor-size-sm  elementor-upload-field\" multiple=\"multiple\">\n\n\t\t\t\t\t\t<\/div>\n\t\t\t\t\t\t\t\t<div class=\"elementor-field-type-textarea elementor-field-group elementor-column elementor-field-group-message elementor-col-100\">\n\t\t\t\t\t<textarea class=\"elementor-field-textual elementor-field  elementor-size-sm\" name=\"form_fields[message]\" id=\"form-field-message\" rows=\"4\" placeholder=\"Message\"><\/textarea>\t\t\t\t<\/div>\n\t\t\t\t\t\t\t\t<div class=\"elementor-field-group elementor-column elementor-field-type-submit elementor-col-40 e-form__buttons\">\n\t\t\t\t\t<button class=\"elementor-button elementor-size-sm\" type=\"submit\">\n\t\t\t\t\t\t<span class=\"elementor-button-content-wrapper\">\n\t\t\t\t\t\t\t\t\t\t\t\t\t\t\t\t\t\t\t\t\t\t<span class=\"elementor-button-text\">Envoyer ma candidature<\/span>\n\t\t\t\t\t\t\t\t\t\t\t\t\t<\/span>\n\t\t\t\t\t<\/button>\n\t\t\t\t<\/div>\n\t\t\t<\/div>\n\t\t<\/form>\n\t\t\t\t\t\t<\/div>\n\t\t\t\t\t<\/div>\n\t\t\t\t<\/div>\n\t\t\t\t<\/div>\n\t\t\t\t<\/div>\n\t\t","protected":false},"excerpt":{"rendered":"<p>Rejoignez l&rsquo;\u00e9quipe Jack&rsquo;s Vous \u00eates passionn\u00e9 par l&rsquo;art du barbering ? Int\u00e9grez un salon de r\u00e9f\u00e9rence \u00e0 Luxembourg, dans un univers vintage et artisanal d&rsquo;exception. NOTRE ADN Tradition. \u00c9l\u00e9gance. Excellence. Chez Jack&rsquo;s, chaque geste est un rituel. Ciseaux aff\u00fbt\u00e9s, rasage \u00e0 la lame droite, serviette chaude \u2014 nous perp\u00e9tuons l&rsquo;art des ma\u00eetres barbiers d&rsquo;antan dans un \u00e9crin vintage au c\u0153ur de Luxembourg. Artisanat Le soin du d\u00e9tail prime sur la rapidit\u00e9. Chaque client repart avec une coupe parfaite. Ambiance Un cadre vintage chaleureux o\u00f9 l&rsquo;\u00e9quipe et les clients se sentent comme \u00e0 la maison. \u00c9volution Formations continues, techniques modernes greff\u00e9es sur des bases traditionnelles solides. \u00c9quipe Une brigade soud\u00e9e, bienveillante, passionn\u00e9e par leur m\u00e9tier et leur client\u00e8le. POSTULER Envoyez votre candidature Remplissez le formulaire ci-dessous et nous reviendrons vers vous dans les plus brefs d\u00e9lais.<\/p>","protected":false},"author":1,"featured_media":0,"parent":0,"menu_order":0,"comment_status":"closed","ping_status":"closed","template":"","meta":{"footnotes":""},"class_list":["post-1429","page","type-page","status-publish","hentry"],"yoast_head":"<!-- This site is optimized with the Yoast SEO plugin v27.4 - https:\/\/yoast.com\/product\/yoast-seo-wordpress\/ -->\n<title>RECRUTEMENT - Jacks Barbershop<\/title>\n<meta name=\"robots\" content=\"noindex, follow, max-snippet:-1, max-image-preview:large, max-video-preview:-1\" \/>\n<meta property=\"og:locale\" content=\"en_GB\" \/>\n<meta property=\"og:type\" content=\"article\" \/>\n<meta property=\"og:title\" content=\"RECRUTEMENT - Jacks Barbershop\" \/>\n<meta property=\"og:description\" content=\"Rejoignez l&rsquo;\u00e9quipe Jack&rsquo;s Vous \u00eates passionn\u00e9 par l&rsquo;art du barbering ? Int\u00e9grez un salon de r\u00e9f\u00e9rence \u00e0 Luxembourg, dans un univers vintage et artisanal d&rsquo;exception. NOTRE ADN Tradition. \u00c9l\u00e9gance. Excellence. Chez Jack&rsquo;s, chaque geste est un rituel. Ciseaux aff\u00fbt\u00e9s, rasage \u00e0 la lame droite, serviette chaude \u2014 nous perp\u00e9tuons l&rsquo;art des ma\u00eetres barbiers d&rsquo;antan dans un \u00e9crin vintage au c\u0153ur de Luxembourg. Artisanat Le soin du d\u00e9tail prime sur la rapidit\u00e9. Chaque client repart avec une coupe parfaite. Ambiance Un cadre vintage chaleureux o\u00f9 l&rsquo;\u00e9quipe et les clients se sentent comme \u00e0 la maison. \u00c9volution Formations continues, techniques modernes greff\u00e9es sur des bases traditionnelles solides. \u00c9quipe Une brigade soud\u00e9e, bienveillante, passionn\u00e9e par leur m\u00e9tier et leur client\u00e8le. POSTULER Envoyez votre candidature Remplissez le formulaire ci-dessous et nous reviendrons vers vous dans les plus brefs d\u00e9lais.\" \/>\n<meta property=\"og:url\" content=\"https:\/\/jacksbarbershop.lu\/en\/recrutement\/\" \/>\n<meta property=\"og:site_name\" content=\"Jacks Barbershop\" \/>\n<meta property=\"article:modified_time\" content=\"2026-04-21T12:34:23+00:00\" \/>\n<meta name=\"twitter:card\" content=\"summary_large_image\" \/>\n<meta name=\"twitter:label1\" content=\"Estimated reading time\" \/>\n\t<meta name=\"twitter:data1\" content=\"1 minute\" \/>\n<script type=\"application\/ld+json\" class=\"yoast-schema-graph\">{\"@context\":\"https:\\\/\\\/schema.org\",\"@graph\":[{\"@type\":\"WebPage\",\"@id\":\"https:\\\/\\\/jacksbarbershop.lu\\\/recrutement\\\/\",\"url\":\"https:\\\/\\\/jacksbarbershop.lu\\\/recrutement\\\/\",\"name\":\"RECRUTEMENT - Jacks Barbershop\",\"isPartOf\":{\"@id\":\"https:\\\/\\\/jacksbarbershop.lu\\\/#website\"},\"datePublished\":\"2026-04-14T13:01:34+00:00\",\"dateModified\":\"2026-04-21T12:34:23+00:00\",\"breadcrumb\":{\"@id\":\"https:\\\/\\\/jacksbarbershop.lu\\\/recrutement\\\/#breadcrumb\"},\"inLanguage\":\"en-GB\",\"potentialAction\":[{\"@type\":\"ReadAction\",\"target\":[\"https:\\\/\\\/jacksbarbershop.lu\\\/recrutement\\\/\"]}]},{\"@type\":\"BreadcrumbList\",\"@id\":\"https:\\\/\\\/jacksbarbershop.lu\\\/recrutement\\\/#breadcrumb\",\"itemListElement\":[{\"@type\":\"ListItem\",\"position\":1,\"name\":\"Accueil\",\"item\":\"https:\\\/\\\/jacksbarbershop.lu\\\/\"},{\"@type\":\"ListItem\",\"position\":2,\"name\":\"RECRUTEMENT\"}]},{\"@type\":\"WebSite\",\"@id\":\"https:\\\/\\\/jacksbarbershop.lu\\\/#website\",\"url\":\"https:\\\/\\\/jacksbarbershop.lu\\\/\",\"name\":\"Jack's Barbershop\",\"description\":\"\",\"publisher\":{\"@id\":\"https:\\\/\\\/jacksbarbershop.lu\\\/#organization\"},\"potentialAction\":[{\"@type\":\"SearchAction\",\"target\":{\"@type\":\"EntryPoint\",\"urlTemplate\":\"https:\\\/\\\/jacksbarbershop.lu\\\/?s={search_term_string}\"},\"query-input\":{\"@type\":\"PropertyValueSpecification\",\"valueRequired\":true,\"valueName\":\"search_term_string\"}}],\"inLanguage\":\"en-GB\"},{\"@type\":\"Organization\",\"@id\":\"https:\\\/\\\/jacksbarbershop.lu\\\/#organization\",\"name\":\"Jack's Barbershop\",\"url\":\"https:\\\/\\\/jacksbarbershop.lu\\\/\",\"logo\":{\"@type\":\"ImageObject\",\"inLanguage\":\"en-GB\",\"@id\":\"https:\\\/\\\/jacksbarbershop.lu\\\/#\\\/schema\\\/logo\\\/image\\\/\",\"url\":\"https:\\\/\\\/jacksbarbershop.lu\\\/wp-content\\\/uploads\\\/2026\\\/02\\\/cropped-17-e1771495806969.png\",\"contentUrl\":\"https:\\\/\\\/jacksbarbershop.lu\\\/wp-content\\\/uploads\\\/2026\\\/02\\\/cropped-17-e1771495806969.png\",\"width\":912,\"height\":427,\"caption\":\"Jack's Barbershop\"},\"image\":{\"@id\":\"https:\\\/\\\/jacksbarbershop.lu\\\/#\\\/schema\\\/logo\\\/image\\\/\"}}]}<\/script>\n<!-- \/ Yoast SEO plugin. -->","yoast_head_json":{"title":"RECRUTEMENT - Jacks Barbershop","robots":{"index":"noindex","follow":"follow","max-snippet":"max-snippet:-1","max-image-preview":"max-image-preview:large","max-video-preview":"max-video-preview:-1"},"og_locale":"en_GB","og_type":"article","og_title":"RECRUTEMENT - Jacks Barbershop","og_description":"Rejoignez l&rsquo;\u00e9quipe Jack&rsquo;s Vous \u00eates passionn\u00e9 par l&rsquo;art du barbering ? Int\u00e9grez un salon de r\u00e9f\u00e9rence \u00e0 Luxembourg, dans un univers vintage et artisanal d&rsquo;exception. NOTRE ADN Tradition. \u00c9l\u00e9gance. Excellence. Chez Jack&rsquo;s, chaque geste est un rituel. Ciseaux aff\u00fbt\u00e9s, rasage \u00e0 la lame droite, serviette chaude \u2014 nous perp\u00e9tuons l&rsquo;art des ma\u00eetres barbiers d&rsquo;antan dans un \u00e9crin vintage au c\u0153ur de Luxembourg. Artisanat Le soin du d\u00e9tail prime sur la rapidit\u00e9. Chaque client repart avec une coupe parfaite. Ambiance Un cadre vintage chaleureux o\u00f9 l&rsquo;\u00e9quipe et les clients se sentent comme \u00e0 la maison. \u00c9volution Formations continues, techniques modernes greff\u00e9es sur des bases traditionnelles solides. \u00c9quipe Une brigade soud\u00e9e, bienveillante, passionn\u00e9e par leur m\u00e9tier et leur client\u00e8le. POSTULER Envoyez votre candidature Remplissez le formulaire ci-dessous et nous reviendrons vers vous dans les plus brefs d\u00e9lais.","og_url":"https:\/\/jacksbarbershop.lu\/en\/recrutement\/","og_site_name":"Jacks Barbershop","article_modified_time":"2026-04-21T12:34:23+00:00","twitter_card":"summary_large_image","twitter_misc":{"Estimated reading time":"1 minute"},"schema":{"@context":"https:\/\/schema.org","@graph":[{"@type":"WebPage","@id":"https:\/\/jacksbarbershop.lu\/recrutement\/","url":"https:\/\/jacksbarbershop.lu\/recrutement\/","name":"RECRUTEMENT - Jacks Barbershop","isPartOf":{"@id":"https:\/\/jacksbarbershop.lu\/#website"},"datePublished":"2026-04-14T13:01:34+00:00","dateModified":"2026-04-21T12:34:23+00:00","breadcrumb":{"@id":"https:\/\/jacksbarbershop.lu\/recrutement\/#breadcrumb"},"inLanguage":"en-GB","potentialAction":[{"@type":"ReadAction","target":["https:\/\/jacksbarbershop.lu\/recrutement\/"]}]},{"@type":"BreadcrumbList","@id":"https:\/\/jacksbarbershop.lu\/recrutement\/#breadcrumb","itemListElement":[{"@type":"ListItem","position":1,"name":"Accueil","item":"https:\/\/jacksbarbershop.lu\/"},{"@type":"ListItem","position":2,"name":"RECRUTEMENT"}]},{"@type":"WebSite","@id":"https:\/\/jacksbarbershop.lu\/#website","url":"https:\/\/jacksbarbershop.lu\/","name":"Jack's Barbershop","description":"","publisher":{"@id":"https:\/\/jacksbarbershop.lu\/#organization"},"potentialAction":[{"@type":"SearchAction","target":{"@type":"EntryPoint","urlTemplate":"https:\/\/jacksbarbershop.lu\/?s={search_term_string}"},"query-input":{"@type":"PropertyValueSpecification","valueRequired":true,"valueName":"search_term_string"}}],"inLanguage":"en-GB"},{"@type":"Organization","@id":"https:\/\/jacksbarbershop.lu\/#organization","name":"Jack's Barbershop","url":"https:\/\/jacksbarbershop.lu\/","logo":{"@type":"ImageObject","inLanguage":"en-GB","@id":"https:\/\/jacksbarbershop.lu\/#\/schema\/logo\/image\/","url":"https:\/\/jacksbarbershop.lu\/wp-content\/uploads\/2026\/02\/cropped-17-e1771495806969.png","contentUrl":"https:\/\/jacksbarbershop.lu\/wp-content\/uploads\/2026\/02\/cropped-17-e1771495806969.png","width":912,"height":427,"caption":"Jack's Barbershop"},"image":{"@id":"https:\/\/jacksbarbershop.lu\/#\/schema\/logo\/image\/"}}]}},"_links":{"self":[{"href":"https:\/\/jacksbarbershop.lu\/en\/wp-json\/wp\/v2\/pages\/1429","targetHints":{"allow":["GET"]}}],"collection":[{"href":"https:\/\/jacksbarbershop.lu\/en\/wp-json\/wp\/v2\/pages"}],"about":[{"href":"https:\/\/jacksbarbershop.lu\/en\/wp-json\/wp\/v2\/types\/page"}],"author":[{"embeddable":true,"href":"https:\/\/jacksbarbershop.lu\/en\/wp-json\/wp\/v2\/users\/1"}],"replies":[{"embeddable":true,"href":"https:\/\/jacksbarbershop.lu\/en\/wp-json\/wp\/v2\/comments?post=1429"}],"version-history":[{"count":52,"href":"https:\/\/jacksbarbershop.lu\/en\/wp-json\/wp\/v2\/pages\/1429\/revisions"}],"predecessor-version":[{"id":2552,"href":"https:\/\/jacksbarbershop.lu\/en\/wp-json\/wp\/v2\/pages\/1429\/revisions\/2552"}],"wp:attachment":[{"href":"https:\/\/jacksbarbershop.lu\/en\/wp-json\/wp\/v2\/media?parent=1429"}],"curies":[{"name":"wp","href":"https:\/\/api.w.org\/{rel}","templated":true}]}}